{"id":31,"date":"2020-04-27T12:09:50","date_gmt":"2020-04-27T12:09:50","guid":{"rendered":"https:\/\/themes.muffingroup.com\/be\/craftbeer2\/?page_id=31"},"modified":"2025-03-27T13:06:37","modified_gmt":"2025-03-27T12:06:37","slug":"blog","status":"publish","type":"page","link":"https:\/\/mascancadell.cat\/cast\/blog\/","title":{"rendered":"Blog"},"content":{"rendered":"<div data-elementor-type=\"wp-page\" data-elementor-id=\"31\" class=\"elementor elementor-31\" data-elementor-post-type=\"page\">\n\t\t\t\t<div class=\"elementor-element elementor-element-6904425 e-con-full e-flex e-con e-parent\" data-id=\"6904425\" data-element_type=\"container\" data-settings=\"{&quot;background_background&quot;:&quot;classic&quot;}\">\n\t\t<div class=\"elementor-element elementor-element-6a913e5 e-con-full e-flex e-con e-child\" data-id=\"6a913e5\" data-element_type=\"container\">\n\t\t\t\t<div class=\"elementor-element elementor-element-6c422cd elementor-widget elementor-widget-heading\" data-id=\"6c422cd\" data-element_type=\"widget\" data-widget_type=\"heading.default\">\n\t\t\t\t<div class=\"elementor-widget-container\">\n\t\t\t\t\t<h2 class=\"elementor-heading-title elementor-size-default\">Blog<\/h2>\t\t\t\t<\/div>\n\t\t\t\t<\/div>\n\t\t\t\t<\/div>\n\t\t\t\t<\/div>\n\t\t<div class=\"elementor-element elementor-element-058e2a8 e-flex e-con-boxed e-con e-parent\" data-id=\"058e2a8\" data-element_type=\"container\" data-settings=\"{&quot;background_background&quot;:&quot;classic&quot;}\">\n\t\t\t\t\t<div class=\"e-con-inner\">\n\t\t\t\t<div class=\"elementor-element elementor-element-d03933e premium-blog-cta-full-yes premium-blog-align-left elementor-widget elementor-widget-premium-addon-blog\" data-id=\"d03933e\" data-element_type=\"widget\" data-settings=\"{&quot;premium_blog_grid&quot;:&quot;yes&quot;,&quot;premium_blog_layout&quot;:&quot;even&quot;,&quot;premium_blog_columns_number&quot;:&quot;50%&quot;,&quot;premium_blog_columns_number_tablet&quot;:&quot;50%&quot;,&quot;premium_blog_columns_number_mobile&quot;:&quot;100%&quot;}\" data-widget_type=\"premium-addon-blog.default\">\n\t\t\t\t<div class=\"elementor-widget-container\">\n\t\t\t\t\t\r\n\t\t\t\t<div class=\"premium-blog-wrap  premium-blog-even\" data-page=\"31\">\r\n\t\t\t\t\t<div class=\"premium-blog-post-outer-container\" data-total=\"1\">\r\n\t\t\t<div class=\"premium-blog-post-container premium-blog-skin-classic\">\r\n\t\t\t\t\t\t\t\t\t<div class=\"premium-blog-thumb-effect-wrapper\">\r\n\t\t\t\t\t\t<div class=\"premium-blog-thumbnail-container premium-blog-zoomin-effect\">\r\n\t\t\t\t\t\t\t<img fetchpriority=\"high\" decoding=\"async\" width=\"1920\" height=\"1080\" src=\"https:\/\/mascancadell.cat\/wp-content\/uploads\/2025\/02\/2-1.jpg\" class=\"attachment-full size-full wp-image-256\" alt=\"\" srcset=\"https:\/\/mascancadell.cat\/wp-content\/uploads\/2025\/02\/2-1.jpg 1920w, https:\/\/mascancadell.cat\/wp-content\/uploads\/2025\/02\/2-1-500x281.jpg 500w, https:\/\/mascancadell.cat\/wp-content\/uploads\/2025\/02\/2-1-1200x675.jpg 1200w, https:\/\/mascancadell.cat\/wp-content\/uploads\/2025\/02\/2-1-300x169.jpg 300w, https:\/\/mascancadell.cat\/wp-content\/uploads\/2025\/02\/2-1-768x432.jpg 768w, https:\/\/mascancadell.cat\/wp-content\/uploads\/2025\/02\/2-1-1536x864.jpg 1536w, https:\/\/mascancadell.cat\/wp-content\/uploads\/2025\/02\/2-1-133x75.jpg 133w, https:\/\/mascancadell.cat\/wp-content\/uploads\/2025\/02\/2-1-480x270.jpg 480w\" sizes=\"(max-width:767px) 480px, (max-width:1920px) 100vw, 1920px\" \/>\t\t\t\t\t\t<\/div>\r\n\t\t\t\t\t\t\t\t\t\t\t\t\t<div class=\"premium-blog-thumbnail-overlay\">\r\n\t\t\t\t\t\t\t\t<a class=\"elementor-icon\" href=\"https:\/\/mascancadell.cat\/cast\/estem-de-llancament-la-nova-pagina-web-de-mas-can-cadell\/\" target=\"_self\" aria-hidden=\"true\"><span>Estamos de lanzamiento: La nueva p\u00e1gina web de Mas Can Cadell<\/span><\/a>\r\n\t\t\t\t\t\t\t<\/div>\r\n\r\n\t\t\t\t\t\t\t\t\t\t\t\t\t\t\t\t\t\t<\/div>\r\n\t\t\t\t\t\t\t\t\t\t\t\t<div class=\"premium-blog-content-wrapper\">\r\n\r\n\t\t\t\t\t<div class=\"premium-blog-inner-container\">\r\n\r\n\t\t\t\t\t\t\t\t\t\t\t\t\t\t<h2 class=\"premium-blog-entry-title\">\r\n\t\t\t<a href=\"https:\/\/mascancadell.cat\/cast\/estem-de-llancament-la-nova-pagina-web-de-mas-can-cadell\/\" target=\"_self\">\r\n\t\t\t\tEstamos de lanzamiento: La nueva p\u00e1gina web de Mas Can Cadell\t\t\t<\/a>\r\n\t\t<\/h2>\r\n\t\t\t\t<div class=\"premium-blog-entry-meta\">\r\n\t\t\t\r\n\t\t\t\t\t\t\t<span class=\"premium-blog-meta-separator\">\u2022<\/span>\r\n\t\t\t\t<div class=\"premium-blog-post-time premium-blog-meta-data\">\r\n\t\t\t\t\t<i class=\"fa fa-calendar-alt\" aria-hidden=\"true\"><\/i>\r\n\t\t\t\t\t<span>17 de febrero de 2025<\/span>\r\n\t\t\t\t<\/div>\r\n\t\t\t\r\n\t\t\t\r\n\t\t\t\t\t<\/div>\r\n\t\t\r\n\t\t\t\t\t<\/div>\r\n\r\n\t\t\t\t\t\t\t<div class=\"premium-blog-content-inner-wrapper\">\r\n\t\t<p class=\"premium-blog-post-content\">En Mas Can Cadell, estamos muy emocionados de presentarles nuestra nueva p\u00e1gina web! Hemos renovado completamente el<\/p><div class=\"premium-blog-excerpt-link-wrap\"><a href=\"https:\/\/mascancadell.cat\/cast\/estem-de-llancament-la-nova-pagina-web-de-mas-can-cadell\/\" target=\"_self\" class=\"premium-blog-excerpt-link elementor-button\">Leer M\u00e1s<\/a><\/div>\t\t<\/div>\r\n\t\t\t\t\t\t\t\r\n\t\t\t\t<\/div>\r\n\t\t\t<\/div>\r\n\t\t<\/div>\r\n\r\n\t\t\t\t<div class=\"premium-blog-post-outer-container\" data-total=\"1\">\r\n\t\t\t<div class=\"premium-blog-post-container premium-blog-skin-classic\">\r\n\t\t\t\t\t\t\t\t\t<div class=\"premium-blog-thumb-effect-wrapper\">\r\n\t\t\t\t\t\t<div class=\"premium-blog-thumbnail-container premium-blog-zoomin-effect\">\r\n\t\t\t\t\t\t\t<img decoding=\"async\" width=\"1920\" height=\"1080\" src=\"https:\/\/mascancadell.cat\/wp-content\/uploads\/2025\/02\/13-1.jpg\" class=\"attachment-full size-full wp-image-255\" alt=\"\" srcset=\"https:\/\/mascancadell.cat\/wp-content\/uploads\/2025\/02\/13-1.jpg 1920w, https:\/\/mascancadell.cat\/wp-content\/uploads\/2025\/02\/13-1-500x281.jpg 500w, https:\/\/mascancadell.cat\/wp-content\/uploads\/2025\/02\/13-1-1200x675.jpg 1200w, https:\/\/mascancadell.cat\/wp-content\/uploads\/2025\/02\/13-1-300x169.jpg 300w, https:\/\/mascancadell.cat\/wp-content\/uploads\/2025\/02\/13-1-768x432.jpg 768w, https:\/\/mascancadell.cat\/wp-content\/uploads\/2025\/02\/13-1-1536x864.jpg 1536w, https:\/\/mascancadell.cat\/wp-content\/uploads\/2025\/02\/13-1-133x75.jpg 133w, https:\/\/mascancadell.cat\/wp-content\/uploads\/2025\/02\/13-1-480x270.jpg 480w\" sizes=\"(max-width:767px) 480px, (max-width:1920px) 100vw, 1920px\" \/>\t\t\t\t\t\t<\/div>\r\n\t\t\t\t\t\t\t\t\t\t\t\t\t<div class=\"premium-blog-thumbnail-overlay\">\r\n\t\t\t\t\t\t\t\t<a class=\"elementor-icon\" href=\"https:\/\/mascancadell.cat\/cast\/navega-per-descobrir-el-nostre-projecte-sostenible\/\" target=\"_self\" aria-hidden=\"true\"><span>Navega para descubrir nuestro proyecto sostenible<\/span><\/a>\r\n\t\t\t\t\t\t\t<\/div>\r\n\r\n\t\t\t\t\t\t\t\t\t\t\t\t\t\t\t\t\t\t<\/div>\r\n\t\t\t\t\t\t\t\t\t\t\t\t<div class=\"premium-blog-content-wrapper\">\r\n\r\n\t\t\t\t\t<div class=\"premium-blog-inner-container\">\r\n\r\n\t\t\t\t\t\t\t\t\t\t\t\t\t\t<h2 class=\"premium-blog-entry-title\">\r\n\t\t\t<a href=\"https:\/\/mascancadell.cat\/cast\/navega-per-descobrir-el-nostre-projecte-sostenible\/\" target=\"_self\">\r\n\t\t\t\tNavega para descubrir nuestro proyecto sostenible\t\t\t<\/a>\r\n\t\t<\/h2>\r\n\t\t\t\t<div class=\"premium-blog-entry-meta\">\r\n\t\t\t\r\n\t\t\t\t\t\t\t<span class=\"premium-blog-meta-separator\">\u2022<\/span>\r\n\t\t\t\t<div class=\"premium-blog-post-time premium-blog-meta-data\">\r\n\t\t\t\t\t<i class=\"fa fa-calendar-alt\" aria-hidden=\"true\"><\/i>\r\n\t\t\t\t\t<span>17 de febrero de 2025<\/span>\r\n\t\t\t\t<\/div>\r\n\t\t\t\r\n\t\t\t\r\n\t\t\t\t\t<\/div>\r\n\t\t\r\n\t\t\t\t\t<\/div>\r\n\r\n\t\t\t\t\t\t\t<div class=\"premium-blog-content-inner-wrapper\">\r\n\t\t<p class=\"premium-blog-post-content\">A trav\u00e9s de la nueva web, podr\u00e1s explorar todos los aspectos de nuestro proyecto: desde la nuestra<\/p><div class=\"premium-blog-excerpt-link-wrap\"><a href=\"https:\/\/mascancadell.cat\/cast\/navega-per-descobrir-el-nostre-projecte-sostenible\/\" target=\"_self\" class=\"premium-blog-excerpt-link elementor-button\">Leer M\u00e1s<\/a><\/div>\t\t<\/div>\r\n\t\t\t\t\t\t\t\r\n\t\t\t\t<\/div>\r\n\t\t\t<\/div>\r\n\t\t<\/div>\r\n\r\n\t\t\t\t<div class=\"premium-blog-post-outer-container\" data-total=\"1\">\r\n\t\t\t<div class=\"premium-blog-post-container premium-blog-skin-classic\">\r\n\t\t\t\t\t\t\t\t\t<div class=\"premium-blog-thumb-effect-wrapper\">\r\n\t\t\t\t\t\t<div class=\"premium-blog-thumbnail-container premium-blog-zoomin-effect\">\r\n\t\t\t\t\t\t\t<img decoding=\"async\" width=\"1920\" height=\"1080\" src=\"https:\/\/mascancadell.cat\/wp-content\/uploads\/2025\/02\/6.jpg\" class=\"attachment-full size-full wp-image-260\" alt=\"\" srcset=\"https:\/\/mascancadell.cat\/wp-content\/uploads\/2025\/02\/6.jpg 1920w, https:\/\/mascancadell.cat\/wp-content\/uploads\/2025\/02\/6-500x281.jpg 500w, https:\/\/mascancadell.cat\/wp-content\/uploads\/2025\/02\/6-1200x675.jpg 1200w, https:\/\/mascancadell.cat\/wp-content\/uploads\/2025\/02\/6-300x169.jpg 300w, https:\/\/mascancadell.cat\/wp-content\/uploads\/2025\/02\/6-768x432.jpg 768w, https:\/\/mascancadell.cat\/wp-content\/uploads\/2025\/02\/6-1536x864.jpg 1536w, https:\/\/mascancadell.cat\/wp-content\/uploads\/2025\/02\/6-133x75.jpg 133w, https:\/\/mascancadell.cat\/wp-content\/uploads\/2025\/02\/6-480x270.jpg 480w\" sizes=\"(max-width:767px) 480px, (max-width:1920px) 100vw, 1920px\" \/>\t\t\t\t\t\t<\/div>\r\n\t\t\t\t\t\t\t\t\t\t\t\t\t<div class=\"premium-blog-thumbnail-overlay\">\r\n\t\t\t\t\t\t\t\t<a class=\"elementor-icon\" href=\"https:\/\/mascancadell.cat\/cast\/descobreix-novetats-i-oferta-de-productes\/\" target=\"_self\" aria-hidden=\"true\"><span>Descubre novedades y oferta de productos<\/span><\/a>\r\n\t\t\t\t\t\t\t<\/div>\r\n\r\n\t\t\t\t\t\t\t\t\t\t\t\t\t\t\t\t\t\t<\/div>\r\n\t\t\t\t\t\t\t\t\t\t\t\t<div class=\"premium-blog-content-wrapper\">\r\n\r\n\t\t\t\t\t<div class=\"premium-blog-inner-container\">\r\n\r\n\t\t\t\t\t\t\t\t\t\t\t\t\t\t<h2 class=\"premium-blog-entry-title\">\r\n\t\t\t<a href=\"https:\/\/mascancadell.cat\/cast\/descobreix-novetats-i-oferta-de-productes\/\" target=\"_self\">\r\n\t\t\t\tDescubre novedades y oferta de productos\t\t\t<\/a>\r\n\t\t<\/h2>\r\n\t\t\t\t<div class=\"premium-blog-entry-meta\">\r\n\t\t\t\r\n\t\t\t\t\t\t\t<span class=\"premium-blog-meta-separator\">\u2022<\/span>\r\n\t\t\t\t<div class=\"premium-blog-post-time premium-blog-meta-data\">\r\n\t\t\t\t\t<i class=\"fa fa-calendar-alt\" aria-hidden=\"true\"><\/i>\r\n\t\t\t\t\t<span>17 de febrero de 2025<\/span>\r\n\t\t\t\t<\/div>\r\n\t\t\t\r\n\t\t\t\r\n\t\t\t\t\t<\/div>\r\n\t\t\r\n\t\t\t\t\t<\/div>\r\n\r\n\t\t\t\t\t\t\t<div class=\"premium-blog-content-inner-wrapper\">\r\n\t\t<p class=\"premium-blog-post-content\">Ahora, en nuestra p\u00e1gina, podr\u00e1s acceder f\u00e1cilmente a nuestra oferta de cestas semanales, que llega a<\/p><div class=\"premium-blog-excerpt-link-wrap\"><a href=\"https:\/\/mascancadell.cat\/cast\/descobreix-novetats-i-oferta-de-productes\/\" target=\"_self\" class=\"premium-blog-excerpt-link elementor-button\">Leer M\u00e1s<\/a><\/div>\t\t<\/div>\r\n\t\t\t\t\t\t\t\r\n\t\t\t\t<\/div>\r\n\t\t\t<\/div>\r\n\t\t<\/div>\r\n\r\n\t\t\t\t<\/div>\r\n\r\n\t\t\t\t\t\t<\/div>\n\t\t\t\t<\/div>\n\t\t\t\t\t<\/div>\n\t\t\t\t<\/div>\n\t\t\t\t<\/div>","protected":false},"excerpt":{"rendered":"<p>Blog Estamos de lanzamiento: La nueva p\u00e1gina web de Mas Can Cadell Estamos de lanzamiento: La nueva p\u00e1gina web de Mas Can Cadell \u2022 17 de<span class=\"excerpt-hellip\"> [\u2026]<\/span><\/p>","protected":false},"author":1,"featured_media":0,"parent":0,"menu_order":0,"comment_status":"open","ping_status":"closed","template":"elementor_header_footer","meta":{"footnotes":""},"class_list":["post-31","page","type-page","status-publish","hentry"],"yoast_head":"<!-- This site is optimized with the Yoast SEO plugin v24.4 - https:\/\/yoast.com\/wordpress\/plugins\/seo\/ -->\n<title>Blog - Mas Cancadell<\/title>\n<meta name=\"robots\" content=\"noindex, follow, max-snippet:-1, max-image-preview:large, max-video-preview:-1\" \/>\n<meta property=\"og:locale\" content=\"es_ES\" \/>\n<meta property=\"og:type\" content=\"article\" \/>\n<meta property=\"og:title\" content=\"Blog - Mas Cancadell\" \/>\n<meta property=\"og:description\" content=\"Blog Estem de llan\u00e7ament: La nova p\u00e0gina web de Mas Can Cadell Estem de llan\u00e7ament: La nova p\u00e0gina web de Mas Can Cadell \u2022 17 de [\u2026]\" \/>\n<meta property=\"og:url\" content=\"https:\/\/mascancadell.cat\/cast\/blog\/\" \/>\n<meta property=\"og:site_name\" content=\"Mas Cancadell\" \/>\n<meta property=\"article:modified_time\" content=\"2025-03-27T12:06:37+00:00\" \/>\n<meta property=\"og:image\" content=\"https:\/\/mascancadell.cat\/wp-content\/uploads\/2025\/02\/2-1.jpg\" \/>\n\t<meta property=\"og:image:width\" content=\"1920\" \/>\n\t<meta property=\"og:image:height\" content=\"1080\" \/>\n\t<meta property=\"og:image:type\" content=\"image\/jpeg\" \/>\n<meta name=\"twitter:card\" content=\"summary_large_image\" \/>\n<meta name=\"twitter:label1\" content=\"Tiempo de lectura\" \/>\n\t<meta name=\"twitter:data1\" content=\"2 minutos\" \/>\n<script type=\"application\/ld+json\" class=\"yoast-schema-graph\">{\"@context\":\"https:\/\/schema.org\",\"@graph\":[{\"@type\":\"WebPage\",\"@id\":\"https:\/\/mascancadell.cat\/blog\/\",\"url\":\"https:\/\/mascancadell.cat\/blog\/\",\"name\":\"Blog - Mas Cancadell\",\"isPartOf\":{\"@id\":\"https:\/\/mascancadell.cat\/#website\"},\"primaryImageOfPage\":{\"@id\":\"https:\/\/mascancadell.cat\/blog\/#primaryimage\"},\"image\":{\"@id\":\"https:\/\/mascancadell.cat\/blog\/#primaryimage\"},\"thumbnailUrl\":\"https:\/\/mascancadell.cat\/wp-content\/uploads\/2025\/02\/2-1.jpg\",\"datePublished\":\"2020-04-27T12:09:50+00:00\",\"dateModified\":\"2025-03-27T12:06:37+00:00\",\"breadcrumb\":{\"@id\":\"https:\/\/mascancadell.cat\/blog\/#breadcrumb\"},\"inLanguage\":\"es\",\"potentialAction\":[{\"@type\":\"ReadAction\",\"target\":[\"https:\/\/mascancadell.cat\/blog\/\"]}]},{\"@type\":\"ImageObject\",\"inLanguage\":\"es\",\"@id\":\"https:\/\/mascancadell.cat\/blog\/#primaryimage\",\"url\":\"https:\/\/mascancadell.cat\/wp-content\/uploads\/2025\/02\/2-1.jpg\",\"contentUrl\":\"https:\/\/mascancadell.cat\/wp-content\/uploads\/2025\/02\/2-1.jpg\"},{\"@type\":\"BreadcrumbList\",\"@id\":\"https:\/\/mascancadell.cat\/blog\/#breadcrumb\",\"itemListElement\":[{\"@type\":\"ListItem\",\"position\":1,\"name\":\"Portada\",\"item\":\"https:\/\/mascancadell.cat\/\"},{\"@type\":\"ListItem\",\"position\":2,\"name\":\"Blog\"}]},{\"@type\":\"WebSite\",\"@id\":\"https:\/\/mascancadell.cat\/#website\",\"url\":\"https:\/\/mascancadell.cat\/\",\"name\":\"Mas Cancadell\",\"description\":\"\",\"potentialAction\":[{\"@type\":\"SearchAction\",\"target\":{\"@type\":\"EntryPoint\",\"urlTemplate\":\"https:\/\/mascancadell.cat\/?s={search_term_string}\"},\"query-input\":{\"@type\":\"PropertyValueSpecification\",\"valueRequired\":true,\"valueName\":\"search_term_string\"}}],\"inLanguage\":\"es\"}]}<\/script>\n<!-- \/ Yoast SEO plugin. -->","yoast_head_json":{"title":"Blog - Mas Cancadell","robots":{"index":"noindex","follow":"follow","max-snippet":"max-snippet:-1","max-image-preview":"max-image-preview:large","max-video-preview":"max-video-preview:-1"},"og_locale":"es_ES","og_type":"article","og_title":"Blog - Mas Cancadell","og_description":"Blog Estem de llan\u00e7ament: La nova p\u00e0gina web de Mas Can Cadell Estem de llan\u00e7ament: La nova p\u00e0gina web de Mas Can Cadell \u2022 17 de [\u2026]","og_url":"https:\/\/mascancadell.cat\/cast\/blog\/","og_site_name":"Mas Cancadell","article_modified_time":"2025-03-27T12:06:37+00:00","og_image":[{"width":1920,"height":1080,"url":"https:\/\/mascancadell.cat\/wp-content\/uploads\/2025\/02\/2-1.jpg","type":"image\/jpeg"}],"twitter_card":"summary_large_image","twitter_misc":{"Tiempo de lectura":"2 minutos"},"schema":{"@context":"https:\/\/schema.org","@graph":[{"@type":"WebPage","@id":"https:\/\/mascancadell.cat\/blog\/","url":"https:\/\/mascancadell.cat\/blog\/","name":"Blog - Mas Cancadell","isPartOf":{"@id":"https:\/\/mascancadell.cat\/#website"},"primaryImageOfPage":{"@id":"https:\/\/mascancadell.cat\/blog\/#primaryimage"},"image":{"@id":"https:\/\/mascancadell.cat\/blog\/#primaryimage"},"thumbnailUrl":"https:\/\/mascancadell.cat\/wp-content\/uploads\/2025\/02\/2-1.jpg","datePublished":"2020-04-27T12:09:50+00:00","dateModified":"2025-03-27T12:06:37+00:00","breadcrumb":{"@id":"https:\/\/mascancadell.cat\/blog\/#breadcrumb"},"inLanguage":"es","potentialAction":[{"@type":"ReadAction","target":["https:\/\/mascancadell.cat\/blog\/"]}]},{"@type":"ImageObject","inLanguage":"es","@id":"https:\/\/mascancadell.cat\/blog\/#primaryimage","url":"https:\/\/mascancadell.cat\/wp-content\/uploads\/2025\/02\/2-1.jpg","contentUrl":"https:\/\/mascancadell.cat\/wp-content\/uploads\/2025\/02\/2-1.jpg"},{"@type":"BreadcrumbList","@id":"https:\/\/mascancadell.cat\/blog\/#breadcrumb","itemListElement":[{"@type":"ListItem","position":1,"name":"Portada","item":"https:\/\/mascancadell.cat\/"},{"@type":"ListItem","position":2,"name":"Blog"}]},{"@type":"WebSite","@id":"https:\/\/mascancadell.cat\/#website","url":"https:\/\/mascancadell.cat\/","name":"Mas Cancadell","description":"","potentialAction":[{"@type":"SearchAction","target":{"@type":"EntryPoint","urlTemplate":"https:\/\/mascancadell.cat\/?s={search_term_string}"},"query-input":{"@type":"PropertyValueSpecification","valueRequired":true,"valueName":"search_term_string"}}],"inLanguage":"es"}]}},"_links":{"self":[{"href":"https:\/\/mascancadell.cat\/cast\/wp-json\/wp\/v2\/pages\/31","targetHints":{"allow":["GET"]}}],"collection":[{"href":"https:\/\/mascancadell.cat\/cast\/wp-json\/wp\/v2\/pages"}],"about":[{"href":"https:\/\/mascancadell.cat\/cast\/wp-json\/wp\/v2\/types\/page"}],"author":[{"embeddable":true,"href":"https:\/\/mascancadell.cat\/cast\/wp-json\/wp\/v2\/users\/1"}],"replies":[{"embeddable":true,"href":"https:\/\/mascancadell.cat\/cast\/wp-json\/wp\/v2\/comments?post=31"}],"version-history":[{"count":82,"href":"https:\/\/mascancadell.cat\/cast\/wp-json\/wp\/v2\/pages\/31\/revisions"}],"predecessor-version":[{"id":1716,"href":"https:\/\/mascancadell.cat\/cast\/wp-json\/wp\/v2\/pages\/31\/revisions\/1716"}],"wp:attachment":[{"href":"https:\/\/mascancadell.cat\/cast\/wp-json\/wp\/v2\/media?parent=31"}],"curies":[{"name":"wp","href":"https:\/\/api.w.org\/{rel}","templated":true}]}}