{"id":1517,"date":"2025-03-27T10:22:28","date_gmt":"2025-03-27T09:22:28","guid":{"rendered":"https:\/\/mascancadell.cat\/?page_id=1517"},"modified":"2025-03-27T12:29:27","modified_gmt":"2025-03-27T11:29:27","slug":"politica-de-cookies","status":"publish","type":"page","link":"https:\/\/mascancadell.cat\/cast\/politica-de-cookies\/","title":{"rendered":"Pol\u00edtica de cookies"},"content":{"rendered":"<div data-elementor-type=\"wp-page\" data-elementor-id=\"1517\" class=\"elementor elementor-1517\" data-elementor-post-type=\"page\">\n\t\t\t\t<div class=\"elementor-element elementor-element-749dfb3 e-con-full elementor-hidden-desktop elementor-hidden-tablet elementor-hidden-mobile e-flex e-con e-parent\" data-id=\"749dfb3\" data-element_type=\"container\" data-settings=\"{&quot;background_background&quot;:&quot;classic&quot;}\">\n\t\t<div class=\"elementor-element elementor-element-b3a9689 e-con-full e-flex e-con e-child\" data-id=\"b3a9689\" data-element_type=\"container\">\n\t\t\t\t<div class=\"elementor-element elementor-element-59d42a2 elementor-widget elementor-widget-heading\" data-id=\"59d42a2\" data-element_type=\"widget\" data-widget_type=\"heading.default\">\n\t\t\t\t<div class=\"elementor-widget-container\">\n\t\t\t\t\t<h2 class=\"elementor-heading-title elementor-size-default\">Cesta de verduras frescas, <br> ecol\u00f3gicas y de proximidad a domicilio<\/h2>\t\t\t\t<\/div>\n\t\t\t\t<\/div>\n\t\t<div class=\"elementor-element elementor-element-145f50d e-con-full e-flex e-con e-child\" data-id=\"145f50d\" data-element_type=\"container\">\n\t\t\t\t<div class=\"elementor-element elementor-element-ff57193 elementor-widget elementor-widget-button\" data-id=\"ff57193\" data-element_type=\"widget\" data-widget_type=\"button.default\">\n\t\t\t\t<div class=\"elementor-widget-container\">\n\t\t\t\t\t\t\t\t\t<div class=\"elementor-button-wrapper\">\n\t\t\t\t\t<a class=\"elementor-button elementor-button-link elementor-size-sm\" href=\"https:\/\/mascancadell.cat\/cast\/?page_id=18\">\n\t\t\t\t\t\t<span class=\"elementor-button-content-wrapper\">\n\t\t\t\t\t\t\t\t\t<span class=\"elementor-button-text\">QUIENES SOMOS<\/span>\n\t\t\t\t\t<\/span>\n\t\t\t\t\t<\/a>\n\t\t\t\t<\/div>\n\t\t\t\t\t\t\t\t<\/div>\n\t\t\t\t<\/div>\n\t\t\t\t<div class=\"elementor-element elementor-element-e8b29bf elementor-widget elementor-widget-button\" data-id=\"e8b29bf\" data-element_type=\"widget\" data-widget_type=\"button.default\">\n\t\t\t\t<div class=\"elementor-widget-container\">\n\t\t\t\t\t\t\t\t\t<div class=\"elementor-button-wrapper\">\n\t\t\t\t\t<a class=\"elementor-button elementor-button-link elementor-size-sm\" href=\"https:\/\/mascancadell.cat\/cast\/?page_id=42\">\n\t\t\t\t\t\t<span class=\"elementor-button-content-wrapper\">\n\t\t\t\t\t\t\t\t\t<span class=\"elementor-button-text\">CONTACTO<\/span>\n\t\t\t\t\t<\/span>\n\t\t\t\t\t<\/a>\n\t\t\t\t<\/div>\n\t\t\t\t\t\t\t\t<\/div>\n\t\t\t\t<\/div>\n\t\t\t\t<\/div>\n\t\t\t\t<\/div>\n\t\t\t\t<\/div>\n\t\t\t\t<section class=\"elementor-section elementor-top-section elementor-element elementor-element-8869371 elementor-section-stretched custom-class elementor-section-boxed elementor-section-height-default elementor-section-height-default\" data-id=\"8869371\" data-element_type=\"section\" data-settings=\"{&quot;stretch_section&quot;:&quot;section-stretched&quot;,&quot;background_background&quot;:&quot;classic&quot;}\">\n\t\t\t\t\t\t<div class=\"elementor-container elementor-column-gap-wider\">\n\t\t\t\t\t<div class=\"elementor-column elementor-col-100 elementor-top-column elementor-element elementor-element-5f05c1c\" data-id=\"5f05c1c\" data-element_type=\"column\">\n\t\t\t<div class=\"elementor-widget-wrap elementor-element-populated\">\n\t\t\t\t\t\t<section class=\"elementor-section elementor-inner-section elementor-element elementor-element-f71bc64 elementor-section-boxed elementor-section-height-default elementor-section-height-default\" data-id=\"f71bc64\" data-element_type=\"section\">\n\t\t\t\t\t\t<div class=\"elementor-container elementor-column-gap-default\">\n\t\t\t\t\t<div class=\"elementor-column elementor-col-100 elementor-inner-column elementor-element elementor-element-2621151\" data-id=\"2621151\" data-element_type=\"column\">\n\t\t\t<div class=\"elementor-widget-wrap elementor-element-populated\">\n\t\t\t\t\t\t<div class=\"elementor-element elementor-element-a38876e elementor-widget elementor-widget-text-editor\" data-id=\"a38876e\" data-element_type=\"widget\" data-widget_type=\"text-editor.default\">\n\t\t\t\t<div class=\"elementor-widget-container\">\n\t\t\t\t\t\t\t\t\t<div class=\"flex-shrink-0 flex flex-col relative items-end\"><div class=\"pt-0\"><div class=\"gizmo-bot-avatar flex h-8 w-8 items-center justify-center overflow-hidden rounded-full\"><div class=\"relative p-1 rounded-sm flex items-center justify-center bg-token-main-surface-primary text-token-text-primary h-8 w-8\"><strong>Pol\u00edtica de cookies <\/strong><\/div><\/div><\/div><\/div>\t\t\t\t\t\t\t\t<\/div>\n\t\t\t\t<\/div>\n\t\t\t\t<div class=\"elementor-element elementor-element-01e1e50 elementor-widget__width-initial elementor-widget elementor-widget-text-editor\" data-id=\"01e1e50\" data-element_type=\"widget\" data-widget_type=\"text-editor.default\">\n\t\t\t\t<div class=\"elementor-widget-container\">\n\t\t\t\t\t\t\t\t\t<em>Esta pol\u00edtica de galletas fue actualizada por \u00faltima vez el 08\/01\/2024 y se aplica a los ciudadanos y residentes legales permanentes del Espacio Econ\u00f3mico Europeo y Suiza.<\/em>\n\n<h4><strong>1. Introducci\u00f3n<\/strong><\/h4> Nuestra web, <a style=\"color: yellow;\" href=\"https:\/\/mascancadell.cat\/cast\/\">https:\/\/mascancadell.cat\/<\/a> (en adelante: \u00abla web\u00bb) utiliza cookies y otras tecnolog\u00edas relacionadas (por comodidad, todas estas tecnolog\u00edas se denominan \u00abgalletas\u00bb). Las cookies tambi\u00e9n pueden ser colocadas por terceros con los que hemos contratado. En el siguiente documento te informamos sobre el uso de cookies en nuestra web. <h4><strong>2. \u00bfQu\u00e9 son las cookies?<\/strong><\/h4> Una cookie es un peque\u00f1o archivo que se env\u00eda junto con las p\u00e1ginas de esta web y que tu navegador almacena en el disco duro de tu ordenador u otro dispositivo. La informaci\u00f3n almacenada puede ser devuelta a nuestros servidores o servidores de terceros apropiados durante una visita posterior. <h4><strong>3. \u00bfQu\u00e9 son los scripts?<\/strong><\/h4> Un script es un fragmento de c\u00f3digo de software que se utiliza para hacer que nuestra web funcione correctamente y de forma interactiva. Este c\u00f3digo se ejecuta en nuestro servidor o dispositivo. <h4><strong>4. \u00bfQu\u00e9 es una baliza web?<\/strong><\/h4> Una baliza web (o etiqueta de p\u00edxel) es una peque\u00f1a e invisible pieza de texto o imagen en una web que se utiliza para monitorear el tr\u00e1fico en una web. Para ello, se almacenan varios datos sobre ti mediante estas balizas web. <h4><strong>5. Galletas<\/strong><\/h4> <strong>5.1 Cookies t\u00e9cnicas o funcionales<\/strong>\nAlgunas cookies aseguran que ciertas partes de la web funcionen correctamente y que tus preferencias de usuario se recuerden. Al colocar cookies funcionales, te facilitamos la visita a nuestra web. De esta forma, no necesitas introducir repetidamente la misma informaci\u00f3n cuando visites nuestra web y, por ejemplo, los art\u00edculos permanecen en tu cesta de compra hasta que hayas efectuado el pago. Podemos colocar estas cookies sin tu consentimiento.\n\n<strong>5.2 Cookies de marketing\/seguimiento<\/strong>\n\nLas cookies de marketing\/seguimiento son cookies o cualquier otra forma de almacenamiento local que se utiliza para crear perfiles de usuario para mostrar publicidad o para realizar el seguimiento del usuario en esta web o en varias webs con fines de marketing similares.\n\n<h4><strong>6. Cookies utilizadas<\/strong><\/h4> <h5>Elementor<\/h5> Estad\u00edsticas (an\u00f3nimas) Consentimiento para el servicio elementor\n\n<h5>WordPress<\/h5> Funcional Consentimiento para el servicio wordpress\n\n<h5>Otros<\/h5> Prop\u00f3sito pendiente de investigaci\u00f3n Consentimiento para el servicio otros\n\n<h4><strong>7. Consentimiento<\/strong><\/h4> Cuando visites nuestra web por primera vez, te mostraremos una ventana emergente con una explicaci\u00f3n sobre las cookies. Tan pronto como hagas clic en \u00abGuardar preferencias\u00bb, aceptas que utilizamos las categor\u00edas de cookies y conectores que hayas seleccionado en la ventana emergente, tal y como se describe en esta pol\u00edtica de cookies. Puedes desactivar el uso de cookies a trav\u00e9s de tu navegador, pero, por favor, ten en cuenta que nuestra web puede dejar de funcionar correctamente.\n<strong>7.1 Gestiona tus ajustes de consentimiento<\/strong>\n\nFuncional Siempre activo Marketing Marketing\n\n<h4><strong>8. Activaci\u00f3n\/desactivaci\u00f3n y eliminaci\u00f3n de cookies<\/strong><\/h4> Puedes utilizar tu navegador de Internet para eliminar las cookies autom\u00e1ticamente o manualmente. Tambi\u00e9n puedes especificar que ciertas cookies no pueden ser colocadas. desactivadas. Si borras las cookies de tu navegador, se volver\u00e1n a colocar despu\u00e9s de tu consentimiento cuando vuelvas a visitar nuestras webs.\n\n<h4><strong>9. Tus derechos con respecto a los datos personales<\/strong><\/h4> Tienes los siguientes derechos con respecto a tus datos personales: <ul> <li>Derecho a saber por qu\u00e9 se necesitan tus datos personales, qu\u00e9 suceder\u00e1 con ellos y durante cu\u00e1nto tiempo se conservar\u00e1n.<\/li> <li>Derecho de acceso: tienes derecho a acceder a tus datos personales que conocemos.<\/li> <li>Derecho de rectificaci\u00f3n: tienes derecho a completar, rectificar, borrar o bloquear tus datos personales cuando lo desees.<\/li> <li>Si nos das tu consentimiento para procesar tus datos, tienes derecho a revocar este consentimiento ya solicitar la eliminaci\u00f3n de tus datos personales.<\/li> <li>Derecho de portabilidad de los datos: tienes derecho a solicitar todos tus datos personales al responsable del tratamiento y transferirlos \u00edntegramente a otro responsable del tratamiento.<\/li> <li>Derecho de oposici\u00f3n: puedes oponerte al tratamiento de tus datos. Nosotros cumpliremos con esto, salvo que existan motivos justificados para el tratamiento.<\/li> <\/ul> Para ejercitar estos derechos, por favor, contacta con nosotros. Consulta los detalles de contacto en la parte inferior de esta pol\u00edtica de cookies. Si tienes alguna queja sobre c\u00f3mo gestionamos tus datos, nos gustar\u00eda que nos lo hicieras saber, pero tambi\u00e9n tienes derecho a enviar una queja a la autoridad supervisora (la autoridad de protecci\u00f3n de datos). <h4><strong>10. Datos de contacto<\/strong><\/h4> Para preguntas y\/o comentarios sobre nuestra pol\u00edtica de cookies y esta declaraci\u00f3n, por favor, contacta con nosotros utilizando los siguientes datos de contacto:\n<b>Empresa: <\/b><span style=\"font-weight: 400;\">FERRAN SESPLUGUES SENTIS<\/span><span style=\"font-weight: 400;\">\n<\/span><b>NIF: <\/b><span style=\"font-weight: 400;\">46728542V<\/span><span style=\"font-weight: 400;\">\n<\/span><b>Responsable: <\/b><span style=\"font-weight: 400;\">Fernando<\/span>\n\n<b>Direcci\u00f3n: <\/b><span style=\"font-weight: 400;\">Diseminado Gaserans, 183<\/span><span style=\"font-weight: 400;\">\n<\/span><b>CP y Poblaci\u00f3n: <\/b><span style=\"font-weight: 400;\">17451 Sant Feliu de Buixalleu (Girona)<\/span><span style=\"font-weight: 400;\">\n<\/span><b>Tel\u00e9fono: <\/b><span style=\"font-weight: 400;\">600515439<\/span><span style=\"font-weight: 400;\">\n<\/span><b>Correo electr\u00f3nico: <\/b><span style=\"font-weight: 400;\">ferran@mascancadell.cat<\/span>\n\nEsta pol\u00edtica de cookies se ha sincronizado con <a style=\"color: yellow;\" href=\"https:\/\/cookiedatabase.org\/\">cookiedatabase.org<\/a> el 08\/01\/2024.\t\t\t\t\t\t\t\t<\/div>\n\t\t\t\t<\/div>\n\t\t\t\t\t<\/div>\n\t\t<\/div>\n\t\t\t\t\t<\/div>\n\t\t<\/section>\n\t\t\t\t\t<\/div>\n\t\t<\/div>\n\t\t\t\t\t<\/div>\n\t\t<\/section>\n\t\t\t\t<\/div>","protected":false},"excerpt":{"rendered":"<p>Cesta de verduras frescas, ecol\u00f3gicas y de proximidad a domicilio QUIENES SOMOS CONTACTO Pol\u00edtica de cookies Esta pol\u00edtica de cookies fue actualizada por \u00faltima vez<span class=\"excerpt-hellip\"> [\u2026]<\/span><\/p>","protected":false},"author":1,"featured_media":0,"parent":0,"menu_order":0,"comment_status":"open","ping_status":"closed","template":"","meta":{"footnotes":""},"class_list":["post-1517","page","type-page","status-publish","hentry"],"yoast_head":"<!-- This site is optimized with the Yoast SEO plugin v24.4 - https:\/\/yoast.com\/wordpress\/plugins\/seo\/ -->\n<title>Hogar - Cistelles de verdures fresques, ecol\u00f2giques i de proximitat a domicili<\/title>\n<meta name=\"robots\" content=\"noindex, follow, max-snippet:-1, max-image-preview:large, max-video-preview:-1\" \/>\n<meta property=\"og:locale\" content=\"es_ES\" \/>\n<meta property=\"og:type\" content=\"article\" \/>\n<meta property=\"og:title\" content=\"Hogar - Cistelles de verdures fresques, ecol\u00f2giques i de proximitat a domicili\" \/>\n<meta property=\"og:description\" content=\"Cesta de verduras frescas, ecol\u00f3gicas y de proximidad a domicilio QUI SOM CONTACTE Pol\u00edtica de cookies Aquesta pol\u00edtica de galetes va ser actualitzada per \u00faltima vegada [\u2026]\" \/>\n<meta property=\"og:url\" content=\"https:\/\/mascancadell.cat\/cast\/politica-de-cookies\/\" \/>\n<meta property=\"og:site_name\" content=\"Mas Cancadell\" \/>\n<meta property=\"article:modified_time\" content=\"2025-03-27T11:29:27+00:00\" \/>\n<meta name=\"twitter:card\" content=\"summary_large_image\" \/>\n<meta name=\"twitter:label1\" content=\"Tiempo de lectura\" \/>\n\t<meta name=\"twitter:data1\" content=\"4 minutos\" \/>\n<script type=\"application\/ld+json\" class=\"yoast-schema-graph\">{\"@context\":\"https:\/\/schema.org\",\"@graph\":[{\"@type\":\"WebPage\",\"@id\":\"https:\/\/mascancadell.cat\/politica-de-cookies\/\",\"url\":\"https:\/\/mascancadell.cat\/politica-de-cookies\/\",\"name\":\"Hogar - Cistelles de verdures fresques, ecol\u00f2giques i de proximitat a domicili\",\"isPartOf\":{\"@id\":\"https:\/\/mascancadell.cat\/#website\"},\"datePublished\":\"2025-03-27T09:22:28+00:00\",\"dateModified\":\"2025-03-27T11:29:27+00:00\",\"breadcrumb\":{\"@id\":\"https:\/\/mascancadell.cat\/politica-de-cookies\/#breadcrumb\"},\"inLanguage\":\"es\",\"potentialAction\":[{\"@type\":\"ReadAction\",\"target\":[\"https:\/\/mascancadell.cat\/politica-de-cookies\/\"]}]},{\"@type\":\"BreadcrumbList\",\"@id\":\"https:\/\/mascancadell.cat\/politica-de-cookies\/#breadcrumb\",\"itemListElement\":[{\"@type\":\"ListItem\",\"position\":1,\"name\":\"Portada\",\"item\":\"https:\/\/mascancadell.cat\/\"},{\"@type\":\"ListItem\",\"position\":2,\"name\":\"Pol\u00edtica de cookies\"}]},{\"@type\":\"WebSite\",\"@id\":\"https:\/\/mascancadell.cat\/#website\",\"url\":\"https:\/\/mascancadell.cat\/\",\"name\":\"Mas Cancadell\",\"description\":\"\",\"potentialAction\":[{\"@type\":\"SearchAction\",\"target\":{\"@type\":\"EntryPoint\",\"urlTemplate\":\"https:\/\/mascancadell.cat\/?s={search_term_string}\"},\"query-input\":{\"@type\":\"PropertyValueSpecification\",\"valueRequired\":true,\"valueName\":\"search_term_string\"}}],\"inLanguage\":\"es\"}]}<\/script>\n<!-- \/ Yoast SEO plugin. -->","yoast_head_json":{"title":"Hogar - Cistelles de verdures fresques, ecol\u00f2giques i de proximitat a domicili","robots":{"index":"noindex","follow":"follow","max-snippet":"max-snippet:-1","max-image-preview":"max-image-preview:large","max-video-preview":"max-video-preview:-1"},"og_locale":"es_ES","og_type":"article","og_title":"Hogar - Cistelles de verdures fresques, ecol\u00f2giques i de proximitat a domicili","og_description":"Cesta de verduras frescas, ecol\u00f3gicas y de proximidad a domicilio QUI SOM CONTACTE Pol\u00edtica de cookies Aquesta pol\u00edtica de galetes va ser actualitzada per \u00faltima vegada [\u2026]","og_url":"https:\/\/mascancadell.cat\/cast\/politica-de-cookies\/","og_site_name":"Mas Cancadell","article_modified_time":"2025-03-27T11:29:27+00:00","twitter_card":"summary_large_image","twitter_misc":{"Tiempo de lectura":"4 minutos"},"schema":{"@context":"https:\/\/schema.org","@graph":[{"@type":"WebPage","@id":"https:\/\/mascancadell.cat\/politica-de-cookies\/","url":"https:\/\/mascancadell.cat\/politica-de-cookies\/","name":"Hogar - Cistelles de verdures fresques, ecol\u00f2giques i de proximitat a domicili","isPartOf":{"@id":"https:\/\/mascancadell.cat\/#website"},"datePublished":"2025-03-27T09:22:28+00:00","dateModified":"2025-03-27T11:29:27+00:00","breadcrumb":{"@id":"https:\/\/mascancadell.cat\/politica-de-cookies\/#breadcrumb"},"inLanguage":"es","potentialAction":[{"@type":"ReadAction","target":["https:\/\/mascancadell.cat\/politica-de-cookies\/"]}]},{"@type":"BreadcrumbList","@id":"https:\/\/mascancadell.cat\/politica-de-cookies\/#breadcrumb","itemListElement":[{"@type":"ListItem","position":1,"name":"Portada","item":"https:\/\/mascancadell.cat\/"},{"@type":"ListItem","position":2,"name":"Pol\u00edtica de cookies"}]},{"@type":"WebSite","@id":"https:\/\/mascancadell.cat\/#website","url":"https:\/\/mascancadell.cat\/","name":"Mas Cancadell","description":"","potentialAction":[{"@type":"SearchAction","target":{"@type":"EntryPoint","urlTemplate":"https:\/\/mascancadell.cat\/?s={search_term_string}"},"query-input":{"@type":"PropertyValueSpecification","valueRequired":true,"valueName":"search_term_string"}}],"inLanguage":"es"}]}},"_links":{"self":[{"href":"https:\/\/mascancadell.cat\/cast\/wp-json\/wp\/v2\/pages\/1517","targetHints":{"allow":["GET"]}}],"collection":[{"href":"https:\/\/mascancadell.cat\/cast\/wp-json\/wp\/v2\/pages"}],"about":[{"href":"https:\/\/mascancadell.cat\/cast\/wp-json\/wp\/v2\/types\/page"}],"author":[{"embeddable":true,"href":"https:\/\/mascancadell.cat\/cast\/wp-json\/wp\/v2\/users\/1"}],"replies":[{"embeddable":true,"href":"https:\/\/mascancadell.cat\/cast\/wp-json\/wp\/v2\/comments?post=1517"}],"version-history":[{"count":13,"href":"https:\/\/mascancadell.cat\/cast\/wp-json\/wp\/v2\/pages\/1517\/revisions"}],"predecessor-version":[{"id":1658,"href":"https:\/\/mascancadell.cat\/cast\/wp-json\/wp\/v2\/pages\/1517\/revisions\/1658"}],"wp:attachment":[{"href":"https:\/\/mascancadell.cat\/cast\/wp-json\/wp\/v2\/media?parent=1517"}],"curies":[{"name":"wp","href":"https:\/\/api.w.org\/{rel}","templated":true}]}}