{"id":1078,"date":"2025-03-26T09:38:00","date_gmt":"2025-03-26T08:38:00","guid":{"rendered":"https:\/\/mascancadell.cat\/?page_id=1078"},"modified":"2025-04-02T12:41:35","modified_gmt":"2025-04-02T10:41:35","slug":"aula","status":"publish","type":"page","link":"https:\/\/mascancadell.cat\/cast\/aula\/","title":{"rendered":"Aula"},"content":{"rendered":"<div data-elementor-type=\"wp-page\" data-elementor-id=\"1078\" class=\"elementor elementor-1078\" data-elementor-post-type=\"page\">\n\t\t\t\t<div class=\"elementor-element elementor-element-8d5ac8c e-con-full e-flex e-con e-parent\" data-id=\"8d5ac8c\" data-element_type=\"container\" data-settings=\"{&quot;background_background&quot;:&quot;classic&quot;}\">\n\t\t<div class=\"elementor-element elementor-element-4fcfa60 e-con-full e-flex e-con e-child\" data-id=\"4fcfa60\" data-element_type=\"container\">\n\t\t\t\t<div class=\"elementor-element elementor-element-0a9a7b9 elementor-widget elementor-widget-heading\" data-id=\"0a9a7b9\" data-element_type=\"widget\" data-widget_type=\"heading.default\">\n\t\t\t\t<div class=\"elementor-widget-container\">\n\t\t\t\t\t<h2 class=\"elementor-heading-title elementor-size-default\">Aula<\/h2>\t\t\t\t<\/div>\n\t\t\t\t<\/div>\n\t\t\t\t<\/div>\n\t\t\t\t<\/div>\n\t\t\t\t<section class=\"elementor-section elementor-top-section elementor-element elementor-element-a3dfae6 elementor-section-stretched custom-class elementor-reverse-mobile elementor-section-boxed elementor-section-height-default elementor-section-height-default\" data-id=\"a3dfae6\" data-element_type=\"section\" data-settings=\"{&quot;stretch_section&quot;:&quot;section-stretched&quot;,&quot;background_background&quot;:&quot;classic&quot;}\">\n\t\t\t\t\t\t<div class=\"elementor-container elementor-column-gap-wider\">\n\t\t\t\t\t<div class=\"elementor-column elementor-col-50 elementor-top-column elementor-element elementor-element-f55dffa\" data-id=\"f55dffa\" data-element_type=\"column\">\n\t\t\t<div class=\"elementor-widget-wrap elementor-element-populated\">\n\t\t\t\t\t\t<div class=\"elementor-element elementor-element-aed5b7f elementor-widget elementor-widget-image\" data-id=\"aed5b7f\" data-element_type=\"widget\" data-widget_type=\"image.default\">\n\t\t\t\t<div class=\"elementor-widget-container\">\n\t\t\t\t\t\t\t\t\t\t\t\t\t\t\t<img fetchpriority=\"high\" decoding=\"async\" width=\"500\" height=\"500\" src=\"https:\/\/mascancadell.cat\/wp-content\/uploads\/2025\/03\/Sin-titulo-500-x-500-px-3.jpg\" class=\"attachment-large size-large wp-image-1199\" alt=\"\" srcset=\"https:\/\/mascancadell.cat\/wp-content\/uploads\/2025\/03\/Sin-titulo-500-x-500-px-3.jpg 500w, https:\/\/mascancadell.cat\/wp-content\/uploads\/2025\/03\/Sin-titulo-500-x-500-px-3-300x300.jpg 300w, https:\/\/mascancadell.cat\/wp-content\/uploads\/2025\/03\/Sin-titulo-500-x-500-px-3-12x12.jpg 12w, https:\/\/mascancadell.cat\/wp-content\/uploads\/2025\/03\/Sin-titulo-500-x-500-px-3-150x150.jpg 150w, https:\/\/mascancadell.cat\/wp-content\/uploads\/2025\/03\/Sin-titulo-500-x-500-px-3-75x75.jpg 75w, https:\/\/mascancadell.cat\/wp-content\/uploads\/2025\/03\/Sin-titulo-500-x-500-px-3-480x480.jpg 480w\" sizes=\"(max-width:767px) 480px, 500px\" \/>\t\t\t\t\t\t\t\t\t\t\t\t\t\t\t<\/div>\n\t\t\t\t<\/div>\n\t\t\t\t\t<\/div>\n\t\t<\/div>\n\t\t\t\t<div class=\"elementor-column elementor-col-50 elementor-top-column elementor-element elementor-element-dd30670\" data-id=\"dd30670\" data-element_type=\"column\">\n\t\t\t<div class=\"elementor-widget-wrap elementor-element-populated\">\n\t\t\t\t\t\t<div class=\"elementor-element elementor-element-6fbd643 elementor-widget elementor-widget-text-editor\" data-id=\"6fbd643\" data-element_type=\"widget\" data-widget_type=\"text-editor.default\">\n\t\t\t\t<div class=\"elementor-widget-container\">\n\t\t\t\t\t\t\t\t\tCursos de Agricultura Ecol\u00f3gica: Aprende a Cultivar de Forma Sostenible\n\n\n\n\n\n\n\n\n\t\t\t\t\t\t\t\t<\/div>\n\t\t\t\t<\/div>\n\t\t\t\t<div class=\"elementor-element elementor-element-0fcba37 elementor-widget elementor-widget-heading\" data-id=\"0fcba37\" data-element_type=\"widget\" data-widget_type=\"heading.default\">\n\t\t\t\t<div class=\"elementor-widget-container\">\n\t\t\t\t\t<h2 class=\"elementor-heading-title elementor-size-default\">Ofrecemos cursos de agricultura ecol\u00f3gica dise\u00f1ados para adaptarse a distintos niveles de experiencia, con un enfoque pr\u00e1ctico y sostenible. Creemos en el aprendizaje activo, combinando teor\u00eda y pr\u00e1ctica para entender c\u00f3mo cultivar de forma eficiente y respetuosa con el medio. Nuestros cursos incluyen t\u00e9cnicas de cultivo, gesti\u00f3n de suelos, control ecol\u00f3gico de plagas y uso responsable de los recursos naturales. Adem\u00e1s promovemos la conexi\u00f3n con la tierra y la autosuficiencia, ayudando a crear espacios productivos y sostenibles. El objetivo es proporcionar herramientas para que cada alumno pueda aplicar los conocimientos adquiridos y contribuir a un modelo agr\u00edcola m\u00e1s resiliente y regenerativo.<\/h2>\t\t\t\t<\/div>\n\t\t\t\t<\/div>\n\t\t\t\t\t<\/div>\n\t\t<\/div>\n\t\t\t\t\t<\/div>\n\t\t<\/section>\n\t\t<div class=\"elementor-element elementor-element-2be18c7 e-con-full e-flex e-con e-parent\" data-id=\"2be18c7\" data-element_type=\"container\" data-settings=\"{&quot;background_background&quot;:&quot;classic&quot;}\">\n\t\t<div class=\"elementor-element elementor-element-3483521 e-con-full e-flex e-con e-child\" data-id=\"3483521\" data-element_type=\"container\" data-settings=\"{&quot;background_background&quot;:&quot;classic&quot;}\">\n\t\t<div class=\"elementor-element elementor-element-f084bbd e-con-full e-flex e-con e-child\" data-id=\"f084bbd\" data-element_type=\"container\">\n\t\t\t\t<div class=\"elementor-element elementor-element-6a0df66 elementor-widget elementor-widget-image\" data-id=\"6a0df66\" data-element_type=\"widget\" data-widget_type=\"image.default\">\n\t\t\t\t<div class=\"elementor-widget-container\">\n\t\t\t\t\t\t\t\t\t\t\t\t\t\t\t<img decoding=\"async\" width=\"512\" height=\"512\" src=\"https:\/\/mascancadell.cat\/wp-content\/uploads\/2025\/04\/3-1.jpg\" class=\"attachment-large size-large wp-image-1835\" alt=\"\" srcset=\"https:\/\/mascancadell.cat\/wp-content\/uploads\/2025\/04\/3-1.jpg 512w, https:\/\/mascancadell.cat\/wp-content\/uploads\/2025\/04\/3-1-500x500.jpg 500w, https:\/\/mascancadell.cat\/wp-content\/uploads\/2025\/04\/3-1-300x300.jpg 300w, https:\/\/mascancadell.cat\/wp-content\/uploads\/2025\/04\/3-1-12x12.jpg 12w, https:\/\/mascancadell.cat\/wp-content\/uploads\/2025\/04\/3-1-150x150.jpg 150w, https:\/\/mascancadell.cat\/wp-content\/uploads\/2025\/04\/3-1-75x75.jpg 75w, https:\/\/mascancadell.cat\/wp-content\/uploads\/2025\/04\/3-1-480x480.jpg 480w\" sizes=\"(max-width:767px) 480px, 512px\" \/>\t\t\t\t\t\t\t\t\t\t\t\t\t\t\t<\/div>\n\t\t\t\t<\/div>\n\t\t\t\t<div class=\"elementor-element elementor-element-2d3be97 elementor-widget elementor-widget-heading\" data-id=\"2d3be97\" data-element_type=\"widget\" data-widget_type=\"heading.default\">\n\t\t\t\t<div class=\"elementor-widget-container\">\n\t\t\t\t\t<h2 class=\"elementor-heading-title elementor-size-default\">Maximizar la densidad de los cultivos y aprovechamiento del espacio. \n<\/h2>\t\t\t\t<\/div>\n\t\t\t\t<\/div>\n\t\t\t\t<\/div>\n\t\t<div class=\"elementor-element elementor-element-89f5878 e-con-full e-flex e-con e-child\" data-id=\"89f5878\" data-element_type=\"container\">\n\t\t\t\t<div class=\"elementor-element elementor-element-cced569 elementor-widget elementor-widget-image\" data-id=\"cced569\" data-element_type=\"widget\" data-widget_type=\"image.default\">\n\t\t\t\t<div class=\"elementor-widget-container\">\n\t\t\t\t\t\t\t\t\t\t\t\t\t\t\t<img decoding=\"async\" width=\"512\" height=\"512\" src=\"https:\/\/mascancadell.cat\/wp-content\/uploads\/2025\/04\/2.jpg\" class=\"attachment-large size-large wp-image-1837\" alt=\"\" srcset=\"https:\/\/mascancadell.cat\/wp-content\/uploads\/2025\/04\/2.jpg 512w, https:\/\/mascancadell.cat\/wp-content\/uploads\/2025\/04\/2-500x500.jpg 500w, https:\/\/mascancadell.cat\/wp-content\/uploads\/2025\/04\/2-300x300.jpg 300w, https:\/\/mascancadell.cat\/wp-content\/uploads\/2025\/04\/2-12x12.jpg 12w, https:\/\/mascancadell.cat\/wp-content\/uploads\/2025\/04\/2-150x150.jpg 150w, https:\/\/mascancadell.cat\/wp-content\/uploads\/2025\/04\/2-75x75.jpg 75w, https:\/\/mascancadell.cat\/wp-content\/uploads\/2025\/04\/2-480x480.jpg 480w\" sizes=\"(max-width:767px) 480px, 512px\" \/>\t\t\t\t\t\t\t\t\t\t\t\t\t\t\t<\/div>\n\t\t\t\t<\/div>\n\t\t\t\t<div class=\"elementor-element elementor-element-32688d0 elementor-widget elementor-widget-heading\" data-id=\"32688d0\" data-element_type=\"widget\" data-widget_type=\"heading.default\">\n\t\t\t\t<div class=\"elementor-widget-container\">\n\t\t\t\t\t<h2 class=\"elementor-heading-title elementor-size-default\">Maximizar la densidad de los cultivos y aprovechamiento del espacio. \n<\/h2>\t\t\t\t<\/div>\n\t\t\t\t<\/div>\n\t\t\t\t<\/div>\n\t\t<div class=\"elementor-element elementor-element-8437671 e-con-full e-flex e-con e-child\" data-id=\"8437671\" data-element_type=\"container\">\n\t\t\t\t<div class=\"elementor-element elementor-element-d48b656 elementor-widget elementor-widget-image\" data-id=\"d48b656\" data-element_type=\"widget\" data-widget_type=\"image.default\">\n\t\t\t\t<div class=\"elementor-widget-container\">\n\t\t\t\t\t\t\t\t\t\t\t\t\t\t\t<img loading=\"lazy\" decoding=\"async\" width=\"512\" height=\"512\" src=\"https:\/\/mascancadell.cat\/wp-content\/uploads\/2025\/04\/1.jpg\" class=\"attachment-large size-large wp-image-1838\" alt=\"\" srcset=\"https:\/\/mascancadell.cat\/wp-content\/uploads\/2025\/04\/1.jpg 512w, https:\/\/mascancadell.cat\/wp-content\/uploads\/2025\/04\/1-500x500.jpg 500w, https:\/\/mascancadell.cat\/wp-content\/uploads\/2025\/04\/1-300x300.jpg 300w, https:\/\/mascancadell.cat\/wp-content\/uploads\/2025\/04\/1-12x12.jpg 12w, https:\/\/mascancadell.cat\/wp-content\/uploads\/2025\/04\/1-150x150.jpg 150w, https:\/\/mascancadell.cat\/wp-content\/uploads\/2025\/04\/1-75x75.jpg 75w, https:\/\/mascancadell.cat\/wp-content\/uploads\/2025\/04\/1-480x480.jpg 480w\" sizes=\"(max-width:767px) 480px, 512px\" \/>\t\t\t\t\t\t\t\t\t\t\t\t\t\t\t<\/div>\n\t\t\t\t<\/div>\n\t\t\t\t<div class=\"elementor-element elementor-element-ef0a684 elementor-widget elementor-widget-heading\" data-id=\"ef0a684\" data-element_type=\"widget\" data-widget_type=\"heading.default\">\n\t\t\t\t<div class=\"elementor-widget-container\">\n\t\t\t\t\t<h2 class=\"elementor-heading-title elementor-size-default\">Maximizar la densidad de los cultivos y aprovechamiento del espacio. \n<\/h2>\t\t\t\t<\/div>\n\t\t\t\t<\/div>\n\t\t\t\t<\/div>\n\t\t\t\t<\/div>\n\t\t\t\t<\/div>\n\t\t\t\t<\/div>","protected":false},"excerpt":{"rendered":"<p>Aula Cursos de Agricultura Ecol\u00f3gica: Aprende a Cultivar de Forma Sostenible Ofrecemos cursos de agricultura ecol\u00f3gica dise\u00f1ados para adaptarse a diferentes niveles de experiencia, con un enfoque pr\u00e1ctico y<span class=\"excerpt-hellip\"> [\u2026]<\/span><\/p>","protected":false},"author":1,"featured_media":0,"parent":0,"menu_order":0,"comment_status":"closed","ping_status":"closed","template":"elementor_header_footer","meta":{"footnotes":""},"class_list":["post-1078","page","type-page","status-publish","hentry"],"yoast_head":"<!-- This site is optimized with the Yoast SEO plugin v24.4 - https:\/\/yoast.com\/wordpress\/plugins\/seo\/ -->\n<title>Aula - Mas Cancadell<\/title>\n<meta name=\"robots\" content=\"noindex, follow, max-snippet:-1, max-image-preview:large, max-video-preview:-1\" \/>\n<meta property=\"og:locale\" content=\"es_ES\" \/>\n<meta property=\"og:type\" content=\"article\" \/>\n<meta property=\"og:title\" content=\"Aula - Mas Cancadell\" \/>\n<meta property=\"og:description\" content=\"Aula Cursos d\u2019Agricultura Ecol\u00f2gica: Apr\u00e8n a Cultivar de Forma Sostenible Oferim cursos d\u2019agricultura ecol\u00f2gica dissenyats per adaptar-se a diferents nivells d\u2019experi\u00e8ncia, amb un enfocament pr\u00e0ctic i [\u2026]\" \/>\n<meta property=\"og:url\" content=\"https:\/\/mascancadell.cat\/cast\/aula\/\" \/>\n<meta property=\"og:site_name\" content=\"Mas Cancadell\" \/>\n<meta property=\"article:modified_time\" content=\"2025-04-02T10:41:35+00:00\" \/>\n<meta property=\"og:image\" content=\"https:\/\/mascancadell.cat\/wp-content\/uploads\/2025\/03\/Sin-titulo-500-x-500-px-3.jpg\" \/>\n\t<meta property=\"og:image:width\" content=\"500\" \/>\n\t<meta property=\"og:image:height\" content=\"500\" \/>\n\t<meta property=\"og:image:type\" content=\"image\/jpeg\" \/>\n<meta name=\"twitter:card\" content=\"summary_large_image\" \/>\n<meta name=\"twitter:label1\" content=\"Tiempo de lectura\" \/>\n\t<meta name=\"twitter:data1\" content=\"2 minutos\" \/>\n<script type=\"application\/ld+json\" class=\"yoast-schema-graph\">{\"@context\":\"https:\/\/schema.org\",\"@graph\":[{\"@type\":\"WebPage\",\"@id\":\"https:\/\/mascancadell.cat\/aula\/\",\"url\":\"https:\/\/mascancadell.cat\/aula\/\",\"name\":\"Aula - Mas Cancadell\",\"isPartOf\":{\"@id\":\"https:\/\/mascancadell.cat\/#website\"},\"primaryImageOfPage\":{\"@id\":\"https:\/\/mascancadell.cat\/aula\/#primaryimage\"},\"image\":{\"@id\":\"https:\/\/mascancadell.cat\/aula\/#primaryimage\"},\"thumbnailUrl\":\"https:\/\/mascancadell.cat\/wp-content\/uploads\/2025\/03\/Sin-titulo-500-x-500-px-3.jpg\",\"datePublished\":\"2025-03-26T08:38:00+00:00\",\"dateModified\":\"2025-04-02T10:41:35+00:00\",\"breadcrumb\":{\"@id\":\"https:\/\/mascancadell.cat\/aula\/#breadcrumb\"},\"inLanguage\":\"es\",\"potentialAction\":[{\"@type\":\"ReadAction\",\"target\":[\"https:\/\/mascancadell.cat\/aula\/\"]}]},{\"@type\":\"ImageObject\",\"inLanguage\":\"es\",\"@id\":\"https:\/\/mascancadell.cat\/aula\/#primaryimage\",\"url\":\"https:\/\/mascancadell.cat\/wp-content\/uploads\/2025\/03\/Sin-titulo-500-x-500-px-3.jpg\",\"contentUrl\":\"https:\/\/mascancadell.cat\/wp-content\/uploads\/2025\/03\/Sin-titulo-500-x-500-px-3.jpg\"},{\"@type\":\"BreadcrumbList\",\"@id\":\"https:\/\/mascancadell.cat\/aula\/#breadcrumb\",\"itemListElement\":[{\"@type\":\"ListItem\",\"position\":1,\"name\":\"Portada\",\"item\":\"https:\/\/mascancadell.cat\/\"},{\"@type\":\"ListItem\",\"position\":2,\"name\":\"Aula\"}]},{\"@type\":\"WebSite\",\"@id\":\"https:\/\/mascancadell.cat\/#website\",\"url\":\"https:\/\/mascancadell.cat\/\",\"name\":\"Mas Cancadell\",\"description\":\"\",\"potentialAction\":[{\"@type\":\"SearchAction\",\"target\":{\"@type\":\"EntryPoint\",\"urlTemplate\":\"https:\/\/mascancadell.cat\/?s={search_term_string}\"},\"query-input\":{\"@type\":\"PropertyValueSpecification\",\"valueRequired\":true,\"valueName\":\"search_term_string\"}}],\"inLanguage\":\"es\"}]}<\/script>\n<!-- \/ Yoast SEO plugin. -->","yoast_head_json":{"title":"Aula - Mas Cancadell","robots":{"index":"noindex","follow":"follow","max-snippet":"max-snippet:-1","max-image-preview":"max-image-preview:large","max-video-preview":"max-video-preview:-1"},"og_locale":"es_ES","og_type":"article","og_title":"Aula - Mas Cancadell","og_description":"Aula Cursos d\u2019Agricultura Ecol\u00f2gica: Apr\u00e8n a Cultivar de Forma Sostenible Oferim cursos d\u2019agricultura ecol\u00f2gica dissenyats per adaptar-se a diferents nivells d\u2019experi\u00e8ncia, amb un enfocament pr\u00e0ctic i [\u2026]","og_url":"https:\/\/mascancadell.cat\/cast\/aula\/","og_site_name":"Mas Cancadell","article_modified_time":"2025-04-02T10:41:35+00:00","og_image":[{"width":500,"height":500,"url":"https:\/\/mascancadell.cat\/wp-content\/uploads\/2025\/03\/Sin-titulo-500-x-500-px-3.jpg","type":"image\/jpeg"}],"twitter_card":"summary_large_image","twitter_misc":{"Tiempo de lectura":"2 minutos"},"schema":{"@context":"https:\/\/schema.org","@graph":[{"@type":"WebPage","@id":"https:\/\/mascancadell.cat\/aula\/","url":"https:\/\/mascancadell.cat\/aula\/","name":"Aula - Mas Cancadell","isPartOf":{"@id":"https:\/\/mascancadell.cat\/#website"},"primaryImageOfPage":{"@id":"https:\/\/mascancadell.cat\/aula\/#primaryimage"},"image":{"@id":"https:\/\/mascancadell.cat\/aula\/#primaryimage"},"thumbnailUrl":"https:\/\/mascancadell.cat\/wp-content\/uploads\/2025\/03\/Sin-titulo-500-x-500-px-3.jpg","datePublished":"2025-03-26T08:38:00+00:00","dateModified":"2025-04-02T10:41:35+00:00","breadcrumb":{"@id":"https:\/\/mascancadell.cat\/aula\/#breadcrumb"},"inLanguage":"es","potentialAction":[{"@type":"ReadAction","target":["https:\/\/mascancadell.cat\/aula\/"]}]},{"@type":"ImageObject","inLanguage":"es","@id":"https:\/\/mascancadell.cat\/aula\/#primaryimage","url":"https:\/\/mascancadell.cat\/wp-content\/uploads\/2025\/03\/Sin-titulo-500-x-500-px-3.jpg","contentUrl":"https:\/\/mascancadell.cat\/wp-content\/uploads\/2025\/03\/Sin-titulo-500-x-500-px-3.jpg"},{"@type":"BreadcrumbList","@id":"https:\/\/mascancadell.cat\/aula\/#breadcrumb","itemListElement":[{"@type":"ListItem","position":1,"name":"Portada","item":"https:\/\/mascancadell.cat\/"},{"@type":"ListItem","position":2,"name":"Aula"}]},{"@type":"WebSite","@id":"https:\/\/mascancadell.cat\/#website","url":"https:\/\/mascancadell.cat\/","name":"Mas Cancadell","description":"","potentialAction":[{"@type":"SearchAction","target":{"@type":"EntryPoint","urlTemplate":"https:\/\/mascancadell.cat\/?s={search_term_string}"},"query-input":{"@type":"PropertyValueSpecification","valueRequired":true,"valueName":"search_term_string"}}],"inLanguage":"es"}]}},"_links":{"self":[{"href":"https:\/\/mascancadell.cat\/cast\/wp-json\/wp\/v2\/pages\/1078","targetHints":{"allow":["GET"]}}],"collection":[{"href":"https:\/\/mascancadell.cat\/cast\/wp-json\/wp\/v2\/pages"}],"about":[{"href":"https:\/\/mascancadell.cat\/cast\/wp-json\/wp\/v2\/types\/page"}],"author":[{"embeddable":true,"href":"https:\/\/mascancadell.cat\/cast\/wp-json\/wp\/v2\/users\/1"}],"replies":[{"embeddable":true,"href":"https:\/\/mascancadell.cat\/cast\/wp-json\/wp\/v2\/comments?post=1078"}],"version-history":[{"count":67,"href":"https:\/\/mascancadell.cat\/cast\/wp-json\/wp\/v2\/pages\/1078\/revisions"}],"predecessor-version":[{"id":1844,"href":"https:\/\/mascancadell.cat\/cast\/wp-json\/wp\/v2\/pages\/1078\/revisions\/1844"}],"wp:attachment":[{"href":"https:\/\/mascancadell.cat\/cast\/wp-json\/wp\/v2\/media?parent=1078"}],"curies":[{"name":"wp","href":"https:\/\/api.w.org\/{rel}","templated":true}]}}