{"id":858,"date":"2025-03-24T12:45:27","date_gmt":"2025-03-24T11:45:27","guid":{"rendered":"https:\/\/mascancadell.cat\/?page_id=858"},"modified":"2025-03-27T12:33:33","modified_gmt":"2025-03-27T11:33:33","slug":"avis-legal","status":"publish","type":"page","link":"https:\/\/mascancadell.cat\/ang\/avis-legal\/","title":{"rendered":"Legal Notice"},"content":{"rendered":"<div data-elementor-type=\"wp-page\" data-elementor-id=\"858\" class=\"elementor elementor-858\" data-elementor-post-type=\"page\">\n\t\t\t\t<div class=\"elementor-element elementor-element-749dfb3 e-con-full elementor-hidden-desktop elementor-hidden-tablet elementor-hidden-mobile e-flex e-con e-parent\" data-id=\"749dfb3\" data-element_type=\"container\" data-settings=\"{&quot;background_background&quot;:&quot;classic&quot;}\">\n\t\t<div class=\"elementor-element elementor-element-b3a9689 e-con-full e-flex e-con e-child\" data-id=\"b3a9689\" data-element_type=\"container\">\n\t\t\t\t<div class=\"elementor-element elementor-element-59d42a2 elementor-widget elementor-widget-heading\" data-id=\"59d42a2\" data-element_type=\"widget\" data-widget_type=\"heading.default\">\n\t\t\t\t<div class=\"elementor-widget-container\">\n\t\t\t\t\t<h2 class=\"elementor-heading-title elementor-size-default\">Basket of fresh vegetables, <br> ecological and close to home<\/h2>\t\t\t\t<\/div>\n\t\t\t\t<\/div>\n\t\t<div class=\"elementor-element elementor-element-145f50d e-con-full e-flex e-con e-child\" data-id=\"145f50d\" data-element_type=\"container\">\n\t\t\t\t<div class=\"elementor-element elementor-element-ff57193 elementor-widget elementor-widget-button\" data-id=\"ff57193\" data-element_type=\"widget\" data-widget_type=\"button.default\">\n\t\t\t\t<div class=\"elementor-widget-container\">\n\t\t\t\t\t\t\t\t\t<div class=\"elementor-button-wrapper\">\n\t\t\t\t\t<a class=\"elementor-button elementor-button-link elementor-size-sm\" href=\"https:\/\/mascancadell.cat\/ang\/?page_id=18\">\n\t\t\t\t\t\t<span class=\"elementor-button-content-wrapper\">\n\t\t\t\t\t\t\t\t\t<span class=\"elementor-button-text\">WHO WE ARE<\/span>\n\t\t\t\t\t<\/span>\n\t\t\t\t\t<\/a>\n\t\t\t\t<\/div>\n\t\t\t\t\t\t\t\t<\/div>\n\t\t\t\t<\/div>\n\t\t\t\t<div class=\"elementor-element elementor-element-e8b29bf elementor-widget elementor-widget-button\" data-id=\"e8b29bf\" data-element_type=\"widget\" data-widget_type=\"button.default\">\n\t\t\t\t<div class=\"elementor-widget-container\">\n\t\t\t\t\t\t\t\t\t<div class=\"elementor-button-wrapper\">\n\t\t\t\t\t<a class=\"elementor-button elementor-button-link elementor-size-sm\" href=\"https:\/\/mascancadell.cat\/ang\/?page_id=42\">\n\t\t\t\t\t\t<span class=\"elementor-button-content-wrapper\">\n\t\t\t\t\t\t\t\t\t<span class=\"elementor-button-text\">CONTACT<\/span>\n\t\t\t\t\t<\/span>\n\t\t\t\t\t<\/a>\n\t\t\t\t<\/div>\n\t\t\t\t\t\t\t\t<\/div>\n\t\t\t\t<\/div>\n\t\t\t\t<\/div>\n\t\t\t\t<\/div>\n\t\t\t\t<\/div>\n\t\t\t\t<section class=\"elementor-section elementor-top-section elementor-element elementor-element-5656adc elementor-section-stretched custom-class elementor-section-boxed elementor-section-height-default elementor-section-height-default\" data-id=\"5656adc\" data-element_type=\"section\" data-settings=\"{&quot;stretch_section&quot;:&quot;section-stretched&quot;,&quot;background_background&quot;:&quot;classic&quot;}\">\n\t\t\t\t\t\t<div class=\"elementor-container elementor-column-gap-wider\">\n\t\t\t\t\t<div class=\"elementor-column elementor-col-100 elementor-top-column elementor-element elementor-element-d4addb5\" data-id=\"d4addb5\" data-element_type=\"column\">\n\t\t\t<div class=\"elementor-widget-wrap elementor-element-populated\">\n\t\t\t\t\t\t<section class=\"elementor-section elementor-inner-section elementor-element elementor-element-511bfda elementor-section-boxed elementor-section-height-default elementor-section-height-default\" data-id=\"511bfda\" data-element_type=\"section\">\n\t\t\t\t\t\t<div class=\"elementor-container elementor-column-gap-default\">\n\t\t\t\t\t<div class=\"elementor-column elementor-col-100 elementor-inner-column elementor-element elementor-element-5ae9e1b\" data-id=\"5ae9e1b\" data-element_type=\"column\">\n\t\t\t<div class=\"elementor-widget-wrap elementor-element-populated\">\n\t\t\t\t\t\t<div class=\"elementor-element elementor-element-cd81178 elementor-widget elementor-widget-text-editor\" data-id=\"cd81178\" data-element_type=\"widget\" data-widget_type=\"text-editor.default\">\n\t\t\t\t<div class=\"elementor-widget-container\">\n\t\t\t\t\t\t\t\t\t<div class=\"flex-shrink-0 flex flex-col relative items-end\"><div class=\"pt-0\"><div class=\"gizmo-bot-avatar flex h-8 w-8 items-center justify-center overflow-hidden rounded-full\"><div class=\"relative p-1 rounded-sm flex items-center justify-center bg-token-main-surface-primary text-token-text-primary h-8 w-8\">Legal notice<\/div><\/div><\/div><\/div>\t\t\t\t\t\t\t\t<\/div>\n\t\t\t\t<\/div>\n\t\t\t\t<div class=\"elementor-element elementor-element-630df9e elementor-widget__width-initial elementor-widget elementor-widget-text-editor\" data-id=\"630df9e\" data-element_type=\"widget\" data-widget_type=\"text-editor.default\">\n\t\t\t\t<div class=\"elementor-widget-container\">\n\t\t\t\t\t\t\t\t\t<h4><strong>Data processing manager<\/strong><\/h4>\nIn compliance with the duty of information established by Law 34\/2002, of July 11, on Information Society Services and Electronic Commerce, we inform you that this website is owned by:\n\n<b>Company: <\/b><span style=\"font-weight: 400;\">FERRAN SESPLUGUES SENTIS<\/span><span style=\"font-weight: 400;\">\n<\/span><b>Tax ID: <\/b><span style=\"font-weight: 400;\">46728542V<\/span><span style=\"font-weight: 400;\">\n<\/span><b>Responsible: <\/b><span style=\"font-weight: 400;\">Fernando<\/span>\n\n<b>Address: <\/b><span style=\"font-weight: 400;\">Disseminated Gaserans, 183<\/span><span style=\"font-weight: 400;\">\n<\/span><b>Postal code and population: <\/b><span style=\"font-weight: 400;\">17451 Sant Feliu de Buixalleu (Girona)<\/span><span style=\"font-weight: 400;\">\n<\/span><b>Telephone: <\/b><span style=\"font-weight: 400;\">600515439<\/span><span style=\"font-weight: 400;\">\n<\/span><b>Email: <\/b><span style=\"font-weight: 400;\">ferran@mascancadell.cat<\/span>\n\n<h4><strong>Object<\/strong><\/h4>\nThe Controller makes this document available to users with the aim of complying with current regulations on data protection and in the context of the new regulatory framework established by virtue of Regulation (EU) 2016\/679 of the European Parliament and of the Council of 27 April 2016 on the protection of natural persons with regard to the processing of personal data and on the free movement of such data (hereinafter, the \u201cGDPR\u201d), as well as with national regulations on the protection of personal data. It also informs all users of the website about the conditions of use of the website. Any person who accesses this website assumes the role of user, committing to the strict observance and compliance with the provisions established herein, as well as any other applicable legal provision. The Controller reserves the right to modify any information that may appear on the website without prior notice, its publication on the Controller&#039;s website being understood as sufficient.\n\n<h4><strong>Responsibility<\/strong><\/h4>\nThe Responsible Party is exempt from any type of liability arising from the information published on its website, provided that this information has been manipulated or entered by a third party unrelated to it.\n\n<h4><strong>IP addresses<\/strong><\/h4>\nThe website servers can automatically detect the IP address and domain name used by the user. An IP address is a number automatically assigned to a computer when it connects to the Internet. All this information is recorded in a server activity file, duly registered, which allows the subsequent processing of the data to obtain exclusively statistical measures that allow us to know the number of page impressions, the number of visits made to the web servers, order of visits, access point, etc.\n\n<h4><strong>Link policy<\/strong><\/h4>\nFrom this website it is possible to be redirected to content from third-party websites. Since the Responsible Party cannot always control the content introduced by third parties on its websites, it does not assume any type of responsibility with respect to said content. In any case, the Responsible Party will proceed to the immediate withdrawal of any content that may contravene the legislation.\n\t\t\t\t\t\t\t\t<\/div>\n\t\t\t\t<\/div>\n\t\t\t\t\t<\/div>\n\t\t<\/div>\n\t\t\t\t\t<\/div>\n\t\t<\/section>\n\t\t\t\t\t<\/div>\n\t\t<\/div>\n\t\t\t\t\t<\/div>\n\t\t<\/section>\n\t\t\t\t<\/div>","protected":false},"excerpt":{"rendered":"<p>Basket of fresh, organic and local vegetables delivered to your home WHO WE ARE CONTACT Legal notice Data controller In compliance with the duty of information<span class=\"excerpt-hellip\"> [\u2026]<\/span><\/p>","protected":false},"author":1,"featured_media":0,"parent":0,"menu_order":0,"comment_status":"open","ping_status":"closed","template":"","meta":{"footnotes":""},"class_list":["post-858","page","type-page","status-publish","hentry"],"yoast_head":"<!-- This site is optimized with the Yoast SEO plugin v24.4 - https:\/\/yoast.com\/wordpress\/plugins\/seo\/ -->\n<title>Hogar - Cistelles de verdures fresques, ecol\u00f2giques i de proximitat a domicili<\/title>\n<meta name=\"robots\" content=\"noindex, follow, max-snippet:-1, max-image-preview:large, max-video-preview:-1\" \/>\n<meta property=\"og:locale\" content=\"en_GB\" \/>\n<meta property=\"og:type\" content=\"article\" \/>\n<meta property=\"og:title\" content=\"Hogar - Cistelles de verdures fresques, ecol\u00f2giques i de proximitat a domicili\" \/>\n<meta property=\"og:description\" content=\"Cesta de verduras frescas, ecol\u00f3gicas y de proximidad a domicilio QUI SOM CONTACTE Av\u00eds legal Responsable del tractament de les dades En compliment del deure d&#8217;informaci\u00f3 [\u2026]\" \/>\n<meta property=\"og:url\" content=\"https:\/\/mascancadell.cat\/ang\/avis-legal\/\" \/>\n<meta property=\"og:site_name\" content=\"Mas Cancadell\" \/>\n<meta property=\"article:modified_time\" content=\"2025-03-27T11:33:33+00:00\" \/>\n<meta name=\"twitter:card\" content=\"summary_large_image\" \/>\n<meta name=\"twitter:label1\" content=\"Estimated reading time\" \/>\n\t<meta name=\"twitter:data1\" content=\"2 minutes\" \/>\n<script type=\"application\/ld+json\" class=\"yoast-schema-graph\">{\"@context\":\"https:\/\/schema.org\",\"@graph\":[{\"@type\":\"WebPage\",\"@id\":\"https:\/\/mascancadell.cat\/avis-legal\/\",\"url\":\"https:\/\/mascancadell.cat\/avis-legal\/\",\"name\":\"Hogar - Cistelles de verdures fresques, ecol\u00f2giques i de proximitat a domicili\",\"isPartOf\":{\"@id\":\"https:\/\/mascancadell.cat\/#website\"},\"datePublished\":\"2025-03-24T11:45:27+00:00\",\"dateModified\":\"2025-03-27T11:33:33+00:00\",\"breadcrumb\":{\"@id\":\"https:\/\/mascancadell.cat\/avis-legal\/#breadcrumb\"},\"inLanguage\":\"en-GB\",\"potentialAction\":[{\"@type\":\"ReadAction\",\"target\":[\"https:\/\/mascancadell.cat\/avis-legal\/\"]}]},{\"@type\":\"BreadcrumbList\",\"@id\":\"https:\/\/mascancadell.cat\/avis-legal\/#breadcrumb\",\"itemListElement\":[{\"@type\":\"ListItem\",\"position\":1,\"name\":\"Portada\",\"item\":\"https:\/\/mascancadell.cat\/\"},{\"@type\":\"ListItem\",\"position\":2,\"name\":\"Av\u00eds Legal\"}]},{\"@type\":\"WebSite\",\"@id\":\"https:\/\/mascancadell.cat\/#website\",\"url\":\"https:\/\/mascancadell.cat\/\",\"name\":\"Mas Cancadell\",\"description\":\"\",\"potentialAction\":[{\"@type\":\"SearchAction\",\"target\":{\"@type\":\"EntryPoint\",\"urlTemplate\":\"https:\/\/mascancadell.cat\/?s={search_term_string}\"},\"query-input\":{\"@type\":\"PropertyValueSpecification\",\"valueRequired\":true,\"valueName\":\"search_term_string\"}}],\"inLanguage\":\"en-GB\"}]}<\/script>\n<!-- \/ Yoast SEO plugin. -->","yoast_head_json":{"title":"Hogar - Cistelles de verdures fresques, ecol\u00f2giques i de proximitat a domicili","robots":{"index":"noindex","follow":"follow","max-snippet":"max-snippet:-1","max-image-preview":"max-image-preview:large","max-video-preview":"max-video-preview:-1"},"og_locale":"en_GB","og_type":"article","og_title":"Hogar - Cistelles de verdures fresques, ecol\u00f2giques i de proximitat a domicili","og_description":"Cesta de verduras frescas, ecol\u00f3gicas y de proximidad a domicilio QUI SOM CONTACTE Av\u00eds legal Responsable del tractament de les dades En compliment del deure d&#8217;informaci\u00f3 [\u2026]","og_url":"https:\/\/mascancadell.cat\/ang\/avis-legal\/","og_site_name":"Mas Cancadell","article_modified_time":"2025-03-27T11:33:33+00:00","twitter_card":"summary_large_image","twitter_misc":{"Estimated reading time":"2 minutes"},"schema":{"@context":"https:\/\/schema.org","@graph":[{"@type":"WebPage","@id":"https:\/\/mascancadell.cat\/avis-legal\/","url":"https:\/\/mascancadell.cat\/avis-legal\/","name":"Hogar - Cistelles de verdures fresques, ecol\u00f2giques i de proximitat a domicili","isPartOf":{"@id":"https:\/\/mascancadell.cat\/#website"},"datePublished":"2025-03-24T11:45:27+00:00","dateModified":"2025-03-27T11:33:33+00:00","breadcrumb":{"@id":"https:\/\/mascancadell.cat\/avis-legal\/#breadcrumb"},"inLanguage":"en-GB","potentialAction":[{"@type":"ReadAction","target":["https:\/\/mascancadell.cat\/avis-legal\/"]}]},{"@type":"BreadcrumbList","@id":"https:\/\/mascancadell.cat\/avis-legal\/#breadcrumb","itemListElement":[{"@type":"ListItem","position":1,"name":"Portada","item":"https:\/\/mascancadell.cat\/"},{"@type":"ListItem","position":2,"name":"Av\u00eds Legal"}]},{"@type":"WebSite","@id":"https:\/\/mascancadell.cat\/#website","url":"https:\/\/mascancadell.cat\/","name":"Mas Cancadell","description":"","potentialAction":[{"@type":"SearchAction","target":{"@type":"EntryPoint","urlTemplate":"https:\/\/mascancadell.cat\/?s={search_term_string}"},"query-input":{"@type":"PropertyValueSpecification","valueRequired":true,"valueName":"search_term_string"}}],"inLanguage":"en-GB"}]}},"_links":{"self":[{"href":"https:\/\/mascancadell.cat\/ang\/wp-json\/wp\/v2\/pages\/858","targetHints":{"allow":["GET"]}}],"collection":[{"href":"https:\/\/mascancadell.cat\/ang\/wp-json\/wp\/v2\/pages"}],"about":[{"href":"https:\/\/mascancadell.cat\/ang\/wp-json\/wp\/v2\/types\/page"}],"author":[{"embeddable":true,"href":"https:\/\/mascancadell.cat\/ang\/wp-json\/wp\/v2\/users\/1"}],"replies":[{"embeddable":true,"href":"https:\/\/mascancadell.cat\/ang\/wp-json\/wp\/v2\/comments?post=858"}],"version-history":[{"count":149,"href":"https:\/\/mascancadell.cat\/ang\/wp-json\/wp\/v2\/pages\/858\/revisions"}],"predecessor-version":[{"id":1665,"href":"https:\/\/mascancadell.cat\/ang\/wp-json\/wp\/v2\/pages\/858\/revisions\/1665"}],"wp:attachment":[{"href":"https:\/\/mascancadell.cat\/ang\/wp-json\/wp\/v2\/media?parent=858"}],"curies":[{"name":"wp","href":"https:\/\/api.w.org\/{rel}","templated":true}]}}