{"id":1526,"date":"2025-03-27T10:27:17","date_gmt":"2025-03-27T09:27:17","guid":{"rendered":"https:\/\/mascancadell.cat\/?page_id=1526"},"modified":"2025-03-27T12:31:59","modified_gmt":"2025-03-27T11:31:59","slug":"politica-de-privacitat","status":"publish","type":"page","link":"https:\/\/mascancadell.cat\/ang\/politica-de-privacitat\/","title":{"rendered":"Privacy policy"},"content":{"rendered":"<div data-elementor-type=\"wp-page\" data-elementor-id=\"1526\" class=\"elementor elementor-1526\" data-elementor-post-type=\"page\">\n\t\t\t\t<div class=\"elementor-element elementor-element-749dfb3 e-con-full elementor-hidden-desktop elementor-hidden-tablet elementor-hidden-mobile e-flex e-con e-parent\" data-id=\"749dfb3\" data-element_type=\"container\" data-settings=\"{&quot;background_background&quot;:&quot;classic&quot;}\">\n\t\t<div class=\"elementor-element elementor-element-b3a9689 e-con-full e-flex e-con e-child\" data-id=\"b3a9689\" data-element_type=\"container\">\n\t\t\t\t<div class=\"elementor-element elementor-element-59d42a2 elementor-widget elementor-widget-heading\" data-id=\"59d42a2\" data-element_type=\"widget\" data-widget_type=\"heading.default\">\n\t\t\t\t<div class=\"elementor-widget-container\">\n\t\t\t\t\t<h2 class=\"elementor-heading-title elementor-size-default\">Basket of fresh vegetables, <br> ecological and close to home<\/h2>\t\t\t\t<\/div>\n\t\t\t\t<\/div>\n\t\t<div class=\"elementor-element elementor-element-145f50d e-con-full e-flex e-con e-child\" data-id=\"145f50d\" data-element_type=\"container\">\n\t\t\t\t<div class=\"elementor-element elementor-element-ff57193 elementor-widget elementor-widget-button\" data-id=\"ff57193\" data-element_type=\"widget\" data-widget_type=\"button.default\">\n\t\t\t\t<div class=\"elementor-widget-container\">\n\t\t\t\t\t\t\t\t\t<div class=\"elementor-button-wrapper\">\n\t\t\t\t\t<a class=\"elementor-button elementor-button-link elementor-size-sm\" href=\"https:\/\/mascancadell.cat\/ang\/?page_id=18\">\n\t\t\t\t\t\t<span class=\"elementor-button-content-wrapper\">\n\t\t\t\t\t\t\t\t\t<span class=\"elementor-button-text\">WHO WE ARE<\/span>\n\t\t\t\t\t<\/span>\n\t\t\t\t\t<\/a>\n\t\t\t\t<\/div>\n\t\t\t\t\t\t\t\t<\/div>\n\t\t\t\t<\/div>\n\t\t\t\t<div class=\"elementor-element elementor-element-e8b29bf elementor-widget elementor-widget-button\" data-id=\"e8b29bf\" data-element_type=\"widget\" data-widget_type=\"button.default\">\n\t\t\t\t<div class=\"elementor-widget-container\">\n\t\t\t\t\t\t\t\t\t<div class=\"elementor-button-wrapper\">\n\t\t\t\t\t<a class=\"elementor-button elementor-button-link elementor-size-sm\" href=\"https:\/\/mascancadell.cat\/ang\/?page_id=42\">\n\t\t\t\t\t\t<span class=\"elementor-button-content-wrapper\">\n\t\t\t\t\t\t\t\t\t<span class=\"elementor-button-text\">CONTACT<\/span>\n\t\t\t\t\t<\/span>\n\t\t\t\t\t<\/a>\n\t\t\t\t<\/div>\n\t\t\t\t\t\t\t\t<\/div>\n\t\t\t\t<\/div>\n\t\t\t\t<\/div>\n\t\t\t\t<\/div>\n\t\t\t\t<\/div>\n\t\t\t\t<section class=\"elementor-section elementor-top-section elementor-element elementor-element-399acbc elementor-section-stretched custom-class elementor-section-boxed elementor-section-height-default elementor-section-height-default\" data-id=\"399acbc\" data-element_type=\"section\" data-settings=\"{&quot;stretch_section&quot;:&quot;section-stretched&quot;,&quot;background_background&quot;:&quot;classic&quot;}\">\n\t\t\t\t\t\t<div class=\"elementor-container elementor-column-gap-wider\">\n\t\t\t\t\t<div class=\"elementor-column elementor-col-100 elementor-top-column elementor-element elementor-element-a6ef38b\" data-id=\"a6ef38b\" data-element_type=\"column\">\n\t\t\t<div class=\"elementor-widget-wrap elementor-element-populated\">\n\t\t\t\t\t\t<section class=\"elementor-section elementor-inner-section elementor-element elementor-element-699acbe elementor-section-boxed elementor-section-height-default elementor-section-height-default\" data-id=\"699acbe\" data-element_type=\"section\">\n\t\t\t\t\t\t<div class=\"elementor-container elementor-column-gap-default\">\n\t\t\t\t\t<div class=\"elementor-column elementor-col-100 elementor-inner-column elementor-element elementor-element-2dd675c\" data-id=\"2dd675c\" data-element_type=\"column\">\n\t\t\t<div class=\"elementor-widget-wrap elementor-element-populated\">\n\t\t\t\t\t\t<div class=\"elementor-element elementor-element-b666c5e elementor-widget elementor-widget-text-editor\" data-id=\"b666c5e\" data-element_type=\"widget\" data-widget_type=\"text-editor.default\">\n\t\t\t\t<div class=\"elementor-widget-container\">\n\t\t\t\t\t\t\t\t\t<div class=\"flex-shrink-0 flex flex-col relative items-end\"><div class=\"pt-0\"><div class=\"gizmo-bot-avatar flex h-8 w-8 items-center justify-center overflow-hidden rounded-full\"><div class=\"relative p-1 rounded-sm flex items-center justify-center bg-token-main-surface-primary text-token-text-primary h-8 w-8\"><p><strong>Privacy Policy<\/strong><\/p><\/div><\/div><\/div><\/div>\t\t\t\t\t\t\t\t<\/div>\n\t\t\t\t<\/div>\n\t\t\t\t<div class=\"elementor-element elementor-element-de7da88 elementor-widget__width-initial elementor-widget elementor-widget-text-editor\" data-id=\"de7da88\" data-element_type=\"widget\" data-widget_type=\"text-editor.default\">\n\t\t\t\t<div class=\"elementor-widget-container\">\n\t\t\t\t\t\t\t\t\t<h4><strong>1.- INFORMATION TO THE USER<\/strong><\/h4>\nThe website informs users of its policy regarding the processing and protection of personal data of users and customers that may be requested while browsing the website. The website is responsible for the processing of the user&#039;s personal data, therefore the following information is provided regarding the processing of their data:\n\n<strong>Data retention criteria:<\/strong> The personal data provided will be kept until the interested party requests its suspension, exercising their rights over them, and in any case in compliance with the applicable legal limitation periods.\n\n<strong>Rights of interested parties:<\/strong>\n\n\u2013 Right to withdraw your consent at any time. \u2013 Right to access, rectify, delete, portability of your data, as well as limitation or opposition to its processing, and not to be subject to automated individual decisions.\n\n<strong>Contact details to exercise your rights:<\/strong>\n\nYou must properly identify yourself and clearly request the right you wish to exercise.\n<ul>\n \t<li><strong>Company name<\/strong>: NATALIA CASTELLI<\/li>\n \t<li><strong>NIF (Tax Identification Number)<\/strong>: Z0351617K<\/li>\n \t<li><strong>Responsible person<\/strong>: Natalia<\/li>\n \t<li><strong>Address<\/strong>: C\/ Candeles 1, floor 3, 08003 Barcelona, Spain<\/li>\n \t<li><strong>Telephone<\/strong>: <a style=\"color: yellow;\" href=\"tel:654468283\">654468283<\/a><\/li>\n \t<li><strong>Email<\/strong>: <a style=\"color: yellow;\" href=\"mailto:natalia.castelli.traducciones@gmail.com\" rel=\"noopener\">natalia.castelli.traducciones@gmail.com<\/a><\/li>\n<\/ul>\n\n<h4><strong>2.- INFORMATION PROVIDED BY THE USER<\/strong><\/h4>\nIf you are under 18 years of age, you are not allowed to use forms on our website. By entering your data in the contact forms or download forms, users expressly and freely and unequivocally accept that their data is necessary for the Controller to respond to your request, with the inclusion of data in the remaining fields being voluntary. The user guarantees that the personal data provided is true and is responsible for communicating any changes. All data requested through the website is necessary to provide an optimal service to the user. If all data is not provided, it is not guaranteed that the information and services provided by the Controller will fully meet your needs.\n\n<h4><strong>3.- SECURITY MEASURES<\/strong><\/h4>\nIn accordance with the provisions of the current regulations on the protection of personal data, the Controller complies with all the provisions of the RGPD and the LOPD for the processing of personal data under its responsibility, which are processed lawfully, fairly and transparently in relation to the interested party, and in an adequate, relevant and limited manner to what is necessary in relation to the purposes for which they are processed. The Controller guarantees that it has implemented appropriate technical and organizational policies to apply the security measures established by the RGPD and the LOPD to protect the rights and freedoms of users, and has communicated to them the appropriate information so that they can exercise them.\n\n<h4><strong>4.- SECURITY BREACHES<\/strong><\/h4>\nThe Controller will report any security breach affecting the database used by this website or any of our third-party services to all affected individuals and the authorities within 72 hours of the breach being detected.\n\n<h4><strong>APPLICABLE LEGISLATION AND JURISDICTION<\/strong><\/h4>\nFor the resolution of all disputes or issues related to this website or the activities carried out on it, Spanish legislation will apply, to which the parties expressly submit, and the Courts and Tribunals of Barcelona will be competent for the resolution of all conflicts arising from or related to the use.\n\t\t\t\t\t\t\t\t<\/div>\n\t\t\t\t<\/div>\n\t\t\t\t\t<\/div>\n\t\t<\/div>\n\t\t\t\t\t<\/div>\n\t\t<\/section>\n\t\t\t\t\t<\/div>\n\t\t<\/div>\n\t\t\t\t\t<\/div>\n\t\t<\/section>\n\t\t\t\t<\/div>","protected":false},"excerpt":{"rendered":"<p>Basket of fresh, organic and local vegetables delivered to your home WHO WE ARE CONTACT Privacy Policy 1.- INFORMATION TO THE USER The website informs users<span class=\"excerpt-hellip\"> [\u2026]<\/span><\/p>","protected":false},"author":1,"featured_media":0,"parent":0,"menu_order":0,"comment_status":"open","ping_status":"closed","template":"","meta":{"footnotes":""},"class_list":["post-1526","page","type-page","status-publish","hentry"],"yoast_head":"<!-- This site is optimized with the Yoast SEO plugin v24.4 - https:\/\/yoast.com\/wordpress\/plugins\/seo\/ -->\n<title>Hogar - Cistelles de verdures fresques, ecol\u00f2giques i de proximitat a domicili<\/title>\n<meta name=\"robots\" content=\"noindex, follow, max-snippet:-1, max-image-preview:large, max-video-preview:-1\" \/>\n<meta property=\"og:locale\" content=\"en_GB\" \/>\n<meta property=\"og:type\" content=\"article\" \/>\n<meta property=\"og:title\" content=\"Hogar - Cistelles de verdures fresques, ecol\u00f2giques i de proximitat a domicili\" \/>\n<meta property=\"og:description\" content=\"Cesta de verduras frescas, ecol\u00f3gicas y de proximidad a domicilio QUI SOM CONTACTE Pol\u00edtica de Privacitat 1.- INFORMACI\u00d3 A L&#8217;USUARI El lloc web informa els usuaris [\u2026]\" \/>\n<meta property=\"og:url\" content=\"https:\/\/mascancadell.cat\/ang\/politica-de-privacitat\/\" \/>\n<meta property=\"og:site_name\" content=\"Mas Cancadell\" \/>\n<meta property=\"article:modified_time\" content=\"2025-03-27T11:31:59+00:00\" \/>\n<meta name=\"twitter:card\" content=\"summary_large_image\" \/>\n<meta name=\"twitter:label1\" content=\"Estimated reading time\" \/>\n\t<meta name=\"twitter:data1\" content=\"3 minutes\" \/>\n<script type=\"application\/ld+json\" class=\"yoast-schema-graph\">{\"@context\":\"https:\/\/schema.org\",\"@graph\":[{\"@type\":\"WebPage\",\"@id\":\"https:\/\/mascancadell.cat\/politica-de-privacitat\/\",\"url\":\"https:\/\/mascancadell.cat\/politica-de-privacitat\/\",\"name\":\"Hogar - Cistelles de verdures fresques, ecol\u00f2giques i de proximitat a domicili\",\"isPartOf\":{\"@id\":\"https:\/\/mascancadell.cat\/#website\"},\"datePublished\":\"2025-03-27T09:27:17+00:00\",\"dateModified\":\"2025-03-27T11:31:59+00:00\",\"breadcrumb\":{\"@id\":\"https:\/\/mascancadell.cat\/politica-de-privacitat\/#breadcrumb\"},\"inLanguage\":\"en-GB\",\"potentialAction\":[{\"@type\":\"ReadAction\",\"target\":[\"https:\/\/mascancadell.cat\/politica-de-privacitat\/\"]}]},{\"@type\":\"BreadcrumbList\",\"@id\":\"https:\/\/mascancadell.cat\/politica-de-privacitat\/#breadcrumb\",\"itemListElement\":[{\"@type\":\"ListItem\",\"position\":1,\"name\":\"Portada\",\"item\":\"https:\/\/mascancadell.cat\/\"},{\"@type\":\"ListItem\",\"position\":2,\"name\":\"Pol\u00edtica de privacitat\"}]},{\"@type\":\"WebSite\",\"@id\":\"https:\/\/mascancadell.cat\/#website\",\"url\":\"https:\/\/mascancadell.cat\/\",\"name\":\"Mas Cancadell\",\"description\":\"\",\"potentialAction\":[{\"@type\":\"SearchAction\",\"target\":{\"@type\":\"EntryPoint\",\"urlTemplate\":\"https:\/\/mascancadell.cat\/?s={search_term_string}\"},\"query-input\":{\"@type\":\"PropertyValueSpecification\",\"valueRequired\":true,\"valueName\":\"search_term_string\"}}],\"inLanguage\":\"en-GB\"}]}<\/script>\n<!-- \/ Yoast SEO plugin. -->","yoast_head_json":{"title":"Hogar - Cistelles de verdures fresques, ecol\u00f2giques i de proximitat a domicili","robots":{"index":"noindex","follow":"follow","max-snippet":"max-snippet:-1","max-image-preview":"max-image-preview:large","max-video-preview":"max-video-preview:-1"},"og_locale":"en_GB","og_type":"article","og_title":"Hogar - Cistelles de verdures fresques, ecol\u00f2giques i de proximitat a domicili","og_description":"Cesta de verduras frescas, ecol\u00f3gicas y de proximidad a domicilio QUI SOM CONTACTE Pol\u00edtica de Privacitat 1.- INFORMACI\u00d3 A L&#8217;USUARI El lloc web informa els usuaris [\u2026]","og_url":"https:\/\/mascancadell.cat\/ang\/politica-de-privacitat\/","og_site_name":"Mas Cancadell","article_modified_time":"2025-03-27T11:31:59+00:00","twitter_card":"summary_large_image","twitter_misc":{"Estimated reading time":"3 minutes"},"schema":{"@context":"https:\/\/schema.org","@graph":[{"@type":"WebPage","@id":"https:\/\/mascancadell.cat\/politica-de-privacitat\/","url":"https:\/\/mascancadell.cat\/politica-de-privacitat\/","name":"Hogar - Cistelles de verdures fresques, ecol\u00f2giques i de proximitat a domicili","isPartOf":{"@id":"https:\/\/mascancadell.cat\/#website"},"datePublished":"2025-03-27T09:27:17+00:00","dateModified":"2025-03-27T11:31:59+00:00","breadcrumb":{"@id":"https:\/\/mascancadell.cat\/politica-de-privacitat\/#breadcrumb"},"inLanguage":"en-GB","potentialAction":[{"@type":"ReadAction","target":["https:\/\/mascancadell.cat\/politica-de-privacitat\/"]}]},{"@type":"BreadcrumbList","@id":"https:\/\/mascancadell.cat\/politica-de-privacitat\/#breadcrumb","itemListElement":[{"@type":"ListItem","position":1,"name":"Portada","item":"https:\/\/mascancadell.cat\/"},{"@type":"ListItem","position":2,"name":"Pol\u00edtica de privacitat"}]},{"@type":"WebSite","@id":"https:\/\/mascancadell.cat\/#website","url":"https:\/\/mascancadell.cat\/","name":"Mas Cancadell","description":"","potentialAction":[{"@type":"SearchAction","target":{"@type":"EntryPoint","urlTemplate":"https:\/\/mascancadell.cat\/?s={search_term_string}"},"query-input":{"@type":"PropertyValueSpecification","valueRequired":true,"valueName":"search_term_string"}}],"inLanguage":"en-GB"}]}},"_links":{"self":[{"href":"https:\/\/mascancadell.cat\/ang\/wp-json\/wp\/v2\/pages\/1526","targetHints":{"allow":["GET"]}}],"collection":[{"href":"https:\/\/mascancadell.cat\/ang\/wp-json\/wp\/v2\/pages"}],"about":[{"href":"https:\/\/mascancadell.cat\/ang\/wp-json\/wp\/v2\/types\/page"}],"author":[{"embeddable":true,"href":"https:\/\/mascancadell.cat\/ang\/wp-json\/wp\/v2\/users\/1"}],"replies":[{"embeddable":true,"href":"https:\/\/mascancadell.cat\/ang\/wp-json\/wp\/v2\/comments?post=1526"}],"version-history":[{"count":16,"href":"https:\/\/mascancadell.cat\/ang\/wp-json\/wp\/v2\/pages\/1526\/revisions"}],"predecessor-version":[{"id":1662,"href":"https:\/\/mascancadell.cat\/ang\/wp-json\/wp\/v2\/pages\/1526\/revisions\/1662"}],"wp:attachment":[{"href":"https:\/\/mascancadell.cat\/ang\/wp-json\/wp\/v2\/media?parent=1526"}],"curies":[{"name":"wp","href":"https:\/\/api.w.org\/{rel}","templated":true}]}}