{"id":1517,"date":"2025-03-27T10:22:28","date_gmt":"2025-03-27T09:22:28","guid":{"rendered":"https:\/\/mascancadell.cat\/?page_id=1517"},"modified":"2025-03-27T12:29:27","modified_gmt":"2025-03-27T11:29:27","slug":"politica-de-cookies","status":"publish","type":"page","link":"https:\/\/mascancadell.cat\/ang\/politica-de-cookies\/","title":{"rendered":"Cookie policy"},"content":{"rendered":"<div data-elementor-type=\"wp-page\" data-elementor-id=\"1517\" class=\"elementor elementor-1517\" data-elementor-post-type=\"page\">\n\t\t\t\t<div class=\"elementor-element elementor-element-749dfb3 e-con-full elementor-hidden-desktop elementor-hidden-tablet elementor-hidden-mobile e-flex e-con e-parent\" data-id=\"749dfb3\" data-element_type=\"container\" data-settings=\"{&quot;background_background&quot;:&quot;classic&quot;}\">\n\t\t<div class=\"elementor-element elementor-element-b3a9689 e-con-full e-flex e-con e-child\" data-id=\"b3a9689\" data-element_type=\"container\">\n\t\t\t\t<div class=\"elementor-element elementor-element-59d42a2 elementor-widget elementor-widget-heading\" data-id=\"59d42a2\" data-element_type=\"widget\" data-widget_type=\"heading.default\">\n\t\t\t\t<div class=\"elementor-widget-container\">\n\t\t\t\t\t<h2 class=\"elementor-heading-title elementor-size-default\">Basket of fresh vegetables, <br> ecological and close to home<\/h2>\t\t\t\t<\/div>\n\t\t\t\t<\/div>\n\t\t<div class=\"elementor-element elementor-element-145f50d e-con-full e-flex e-con e-child\" data-id=\"145f50d\" data-element_type=\"container\">\n\t\t\t\t<div class=\"elementor-element elementor-element-ff57193 elementor-widget elementor-widget-button\" data-id=\"ff57193\" data-element_type=\"widget\" data-widget_type=\"button.default\">\n\t\t\t\t<div class=\"elementor-widget-container\">\n\t\t\t\t\t\t\t\t\t<div class=\"elementor-button-wrapper\">\n\t\t\t\t\t<a class=\"elementor-button elementor-button-link elementor-size-sm\" href=\"https:\/\/mascancadell.cat\/ang\/?page_id=18\">\n\t\t\t\t\t\t<span class=\"elementor-button-content-wrapper\">\n\t\t\t\t\t\t\t\t\t<span class=\"elementor-button-text\">WHO WE ARE<\/span>\n\t\t\t\t\t<\/span>\n\t\t\t\t\t<\/a>\n\t\t\t\t<\/div>\n\t\t\t\t\t\t\t\t<\/div>\n\t\t\t\t<\/div>\n\t\t\t\t<div class=\"elementor-element elementor-element-e8b29bf elementor-widget elementor-widget-button\" data-id=\"e8b29bf\" data-element_type=\"widget\" data-widget_type=\"button.default\">\n\t\t\t\t<div class=\"elementor-widget-container\">\n\t\t\t\t\t\t\t\t\t<div class=\"elementor-button-wrapper\">\n\t\t\t\t\t<a class=\"elementor-button elementor-button-link elementor-size-sm\" href=\"https:\/\/mascancadell.cat\/ang\/?page_id=42\">\n\t\t\t\t\t\t<span class=\"elementor-button-content-wrapper\">\n\t\t\t\t\t\t\t\t\t<span class=\"elementor-button-text\">CONTACT<\/span>\n\t\t\t\t\t<\/span>\n\t\t\t\t\t<\/a>\n\t\t\t\t<\/div>\n\t\t\t\t\t\t\t\t<\/div>\n\t\t\t\t<\/div>\n\t\t\t\t<\/div>\n\t\t\t\t<\/div>\n\t\t\t\t<\/div>\n\t\t\t\t<section class=\"elementor-section elementor-top-section elementor-element elementor-element-8869371 elementor-section-stretched custom-class elementor-section-boxed elementor-section-height-default elementor-section-height-default\" data-id=\"8869371\" data-element_type=\"section\" data-settings=\"{&quot;stretch_section&quot;:&quot;section-stretched&quot;,&quot;background_background&quot;:&quot;classic&quot;}\">\n\t\t\t\t\t\t<div class=\"elementor-container elementor-column-gap-wider\">\n\t\t\t\t\t<div class=\"elementor-column elementor-col-100 elementor-top-column elementor-element elementor-element-5f05c1c\" data-id=\"5f05c1c\" data-element_type=\"column\">\n\t\t\t<div class=\"elementor-widget-wrap elementor-element-populated\">\n\t\t\t\t\t\t<section class=\"elementor-section elementor-inner-section elementor-element elementor-element-f71bc64 elementor-section-boxed elementor-section-height-default elementor-section-height-default\" data-id=\"f71bc64\" data-element_type=\"section\">\n\t\t\t\t\t\t<div class=\"elementor-container elementor-column-gap-default\">\n\t\t\t\t\t<div class=\"elementor-column elementor-col-100 elementor-inner-column elementor-element elementor-element-2621151\" data-id=\"2621151\" data-element_type=\"column\">\n\t\t\t<div class=\"elementor-widget-wrap elementor-element-populated\">\n\t\t\t\t\t\t<div class=\"elementor-element elementor-element-a38876e elementor-widget elementor-widget-text-editor\" data-id=\"a38876e\" data-element_type=\"widget\" data-widget_type=\"text-editor.default\">\n\t\t\t\t<div class=\"elementor-widget-container\">\n\t\t\t\t\t\t\t\t\t<div class=\"flex-shrink-0 flex flex-col relative items-end\"><div class=\"pt-0\"><div class=\"gizmo-bot-avatar flex h-8 w-8 items-center justify-center overflow-hidden rounded-full\"><div class=\"relative p-1 rounded-sm flex items-center justify-center bg-token-main-surface-primary text-token-text-primary h-8 w-8\"><strong>Cookie policy <\/strong><\/div><\/div><\/div><\/div>\t\t\t\t\t\t\t\t<\/div>\n\t\t\t\t<\/div>\n\t\t\t\t<div class=\"elementor-element elementor-element-01e1e50 elementor-widget__width-initial elementor-widget elementor-widget-text-editor\" data-id=\"01e1e50\" data-element_type=\"widget\" data-widget_type=\"text-editor.default\">\n\t\t\t\t<div class=\"elementor-widget-container\">\n\t\t\t\t\t\t\t\t\t<em>This cookie policy was last updated on 08\/01\/2024 and applies to citizens and legal permanent residents of the European Economic Area and Switzerland.<\/em>\n\n<h4><strong>1. Introduction<\/strong><\/h4> Our website, <a style=\"color: yellow;\" href=\"https:\/\/mascancadell.cat\/ang\/\">https:\/\/mascancadell.cat\/<\/a> (hereinafter: &quot;the website&quot;) uses cookies and other related technologies (for convenience, all these technologies are referred to as &quot;cookies&quot;). Cookies may also be placed by third parties with whom we have contracted. In the following document we inform you about the use of cookies on our website. <h4><strong>2. What are cookies?<\/strong><\/h4> A cookie is a small file that is sent along with the pages of this website and that your browser stores on the hard drive of your computer or other device. The stored information may be returned to our servers or the appropriate third-party servers during a subsequent visit. <h4><strong>3. What are scripts?<\/strong><\/h4> A script is a piece of software code that is used to make our website work properly and interactively. This code runs on our server or on your device. <h4><strong>4. What is a web beacon?<\/strong><\/h4> A web beacon (or pixel tag) is a small, invisible piece of text or image on a website that is used to monitor traffic on a website. To do this, various data about you is stored using these web beacons. <h4><strong>5. Cookies<\/strong><\/h4> <strong>5.1 Technical or functional cookies<\/strong>\nSome cookies ensure that certain parts of the website work properly and that your user preferences are remembered. By placing functional cookies, we make it easier for you to visit our website. This way, you do not need to repeatedly enter the same information when you visit our website and, for example, items remain in your shopping cart until you have made the payment. We may place these cookies without your consent.\n\n<strong>5.2 Marketing\/tracking cookies<\/strong>\n\nMarketing\/tracking cookies are cookies or any other form of local storage that is used to create user profiles to display advertising or to track the user on this website or across multiple websites for similar marketing purposes.\n\n<h4><strong>6. Cookies used<\/strong><\/h4> <h5>Elementor<\/h5> Statistics (anonymous) Consent for the elementor service\n\n<h5>WordPress<\/h5> Functional Consent for the wordpress service\n\n<h5>Others<\/h5> Purpose pending investigation Consent for service others\n\n<h4><strong>7. Consent<\/strong><\/h4> When you visit our website for the first time, we will show you a pop-up window with an explanation about cookies. As soon as you click on &quot;Save preferences&quot;, you agree to our use of the categories of cookies and plugins that you have selected in the pop-up window, as described in this cookie policy. You can disable the use of cookies through your browser, but please note that our website may no longer function properly.\n<strong>7.1 Manage your consent settings<\/strong>\n\nFunctional Always active Marketing Marketing\n\n<h4><strong>8. Enabling\/disabling and deleting cookies<\/strong><\/h4> You can use your Internet browser to delete cookies automatically or manually. You can also specify that certain cookies cannot be placed. Another option is to change the settings of your Internet browser so that you receive a message each time a cookie is placed. For more information about these options, please consult the instructions in the &quot;Help&quot; section of your browser. Please note that our website may not function properly if all cookies are disabled. If you delete cookies from your browser, they will be placed again after your consent when you visit our websites again.\n\n<h4><strong>9. Your rights regarding personal data<\/strong><\/h4> You have the following rights regarding your personal data: <ul> <li>Right to know why your personal data is needed, what will happen to it and how long it will be kept.<\/li> <li>Right of access: you have the right to access your personal data that we know about you.<\/li> <li>Right of rectification: you have the right to complete, rectify, delete or block your personal data whenever you wish.<\/li> <li>If you give us your consent to process your data, you have the right to revoke this consent and request the deletion of your personal data.<\/li> <li>Right to data portability: you have the right to request all your personal data from the data controller and to transfer it in its entirety to another data controller.<\/li> <li>Right to object: You may object to the processing of your data. We will comply with this, unless there are justified reasons for the processing.<\/li> <\/ul> To exercise these rights, please contact us. Please see the contact details at the bottom of this cookie policy. If you have any complaints about how we handle your data, we would like you to let us know, but you also have the right to lodge a complaint with the supervisory authority (the data protection authority). <h4><strong>10. Contact details<\/strong><\/h4> For questions and\/or comments about our cookie policy and this statement, please contact us using the following contact details:\n<b>Company: <\/b><span style=\"font-weight: 400;\">FERRAN SESPLUGUES SENTIS<\/span><span style=\"font-weight: 400;\">\n<\/span><b>Tax ID: <\/b><span style=\"font-weight: 400;\">46728542V<\/span><span style=\"font-weight: 400;\">\n<\/span><b>Responsible: <\/b><span style=\"font-weight: 400;\">Fernando<\/span>\n\n<b>Address: <\/b><span style=\"font-weight: 400;\">Disseminated Gaserans, 183<\/span><span style=\"font-weight: 400;\">\n<\/span><b>Postal code and population: <\/b><span style=\"font-weight: 400;\">17451 Sant Feliu de Buixalleu (Girona)<\/span><span style=\"font-weight: 400;\">\n<\/span><b>Telephone: <\/b><span style=\"font-weight: 400;\">600515439<\/span><span style=\"font-weight: 400;\">\n<\/span><b>Email: <\/b><span style=\"font-weight: 400;\">ferran@mascancadell.cat<\/span>\n\nThis cookie policy has been synchronized with <a style=\"color: yellow;\" href=\"https:\/\/cookiedatabase.org\/\">cookiedatabase.org<\/a> on 08\/01\/2024.\t\t\t\t\t\t\t\t<\/div>\n\t\t\t\t<\/div>\n\t\t\t\t\t<\/div>\n\t\t<\/div>\n\t\t\t\t\t<\/div>\n\t\t<\/section>\n\t\t\t\t\t<\/div>\n\t\t<\/div>\n\t\t\t\t\t<\/div>\n\t\t<\/section>\n\t\t\t\t<\/div>","protected":false},"excerpt":{"rendered":"<p>Basket of fresh, organic and local vegetables delivered to your home WHO WE ARE CONTACT Cookie policy This cookie policy was last updated<span class=\"excerpt-hellip\"> [\u2026]<\/span><\/p>","protected":false},"author":1,"featured_media":0,"parent":0,"menu_order":0,"comment_status":"open","ping_status":"closed","template":"","meta":{"footnotes":""},"class_list":["post-1517","page","type-page","status-publish","hentry"],"yoast_head":"<!-- This site is optimized with the Yoast SEO plugin v24.4 - https:\/\/yoast.com\/wordpress\/plugins\/seo\/ -->\n<title>Hogar - Cistelles de verdures fresques, ecol\u00f2giques i de proximitat a domicili<\/title>\n<meta name=\"robots\" content=\"noindex, follow, max-snippet:-1, max-image-preview:large, max-video-preview:-1\" \/>\n<meta property=\"og:locale\" content=\"en_GB\" \/>\n<meta property=\"og:type\" content=\"article\" \/>\n<meta property=\"og:title\" content=\"Hogar - Cistelles de verdures fresques, ecol\u00f2giques i de proximitat a domicili\" \/>\n<meta property=\"og:description\" content=\"Cesta de verduras frescas, ecol\u00f3gicas y de proximidad a domicilio QUI SOM CONTACTE Pol\u00edtica de cookies Aquesta pol\u00edtica de galetes va ser actualitzada per \u00faltima vegada [\u2026]\" \/>\n<meta property=\"og:url\" content=\"https:\/\/mascancadell.cat\/ang\/politica-de-cookies\/\" \/>\n<meta property=\"og:site_name\" content=\"Mas Cancadell\" \/>\n<meta property=\"article:modified_time\" content=\"2025-03-27T11:29:27+00:00\" \/>\n<meta name=\"twitter:card\" content=\"summary_large_image\" \/>\n<meta name=\"twitter:label1\" content=\"Estimated reading time\" \/>\n\t<meta name=\"twitter:data1\" content=\"4 minutes\" \/>\n<script type=\"application\/ld+json\" class=\"yoast-schema-graph\">{\"@context\":\"https:\/\/schema.org\",\"@graph\":[{\"@type\":\"WebPage\",\"@id\":\"https:\/\/mascancadell.cat\/politica-de-cookies\/\",\"url\":\"https:\/\/mascancadell.cat\/politica-de-cookies\/\",\"name\":\"Hogar - Cistelles de verdures fresques, ecol\u00f2giques i de proximitat a domicili\",\"isPartOf\":{\"@id\":\"https:\/\/mascancadell.cat\/#website\"},\"datePublished\":\"2025-03-27T09:22:28+00:00\",\"dateModified\":\"2025-03-27T11:29:27+00:00\",\"breadcrumb\":{\"@id\":\"https:\/\/mascancadell.cat\/politica-de-cookies\/#breadcrumb\"},\"inLanguage\":\"en-GB\",\"potentialAction\":[{\"@type\":\"ReadAction\",\"target\":[\"https:\/\/mascancadell.cat\/politica-de-cookies\/\"]}]},{\"@type\":\"BreadcrumbList\",\"@id\":\"https:\/\/mascancadell.cat\/politica-de-cookies\/#breadcrumb\",\"itemListElement\":[{\"@type\":\"ListItem\",\"position\":1,\"name\":\"Portada\",\"item\":\"https:\/\/mascancadell.cat\/\"},{\"@type\":\"ListItem\",\"position\":2,\"name\":\"Pol\u00edtica de cookies\"}]},{\"@type\":\"WebSite\",\"@id\":\"https:\/\/mascancadell.cat\/#website\",\"url\":\"https:\/\/mascancadell.cat\/\",\"name\":\"Mas Cancadell\",\"description\":\"\",\"potentialAction\":[{\"@type\":\"SearchAction\",\"target\":{\"@type\":\"EntryPoint\",\"urlTemplate\":\"https:\/\/mascancadell.cat\/?s={search_term_string}\"},\"query-input\":{\"@type\":\"PropertyValueSpecification\",\"valueRequired\":true,\"valueName\":\"search_term_string\"}}],\"inLanguage\":\"en-GB\"}]}<\/script>\n<!-- \/ Yoast SEO plugin. -->","yoast_head_json":{"title":"Hogar - Cistelles de verdures fresques, ecol\u00f2giques i de proximitat a domicili","robots":{"index":"noindex","follow":"follow","max-snippet":"max-snippet:-1","max-image-preview":"max-image-preview:large","max-video-preview":"max-video-preview:-1"},"og_locale":"en_GB","og_type":"article","og_title":"Hogar - Cistelles de verdures fresques, ecol\u00f2giques i de proximitat a domicili","og_description":"Cesta de verduras frescas, ecol\u00f3gicas y de proximidad a domicilio QUI SOM CONTACTE Pol\u00edtica de cookies Aquesta pol\u00edtica de galetes va ser actualitzada per \u00faltima vegada [\u2026]","og_url":"https:\/\/mascancadell.cat\/ang\/politica-de-cookies\/","og_site_name":"Mas Cancadell","article_modified_time":"2025-03-27T11:29:27+00:00","twitter_card":"summary_large_image","twitter_misc":{"Estimated reading time":"4 minutes"},"schema":{"@context":"https:\/\/schema.org","@graph":[{"@type":"WebPage","@id":"https:\/\/mascancadell.cat\/politica-de-cookies\/","url":"https:\/\/mascancadell.cat\/politica-de-cookies\/","name":"Hogar - Cistelles de verdures fresques, ecol\u00f2giques i de proximitat a domicili","isPartOf":{"@id":"https:\/\/mascancadell.cat\/#website"},"datePublished":"2025-03-27T09:22:28+00:00","dateModified":"2025-03-27T11:29:27+00:00","breadcrumb":{"@id":"https:\/\/mascancadell.cat\/politica-de-cookies\/#breadcrumb"},"inLanguage":"en-GB","potentialAction":[{"@type":"ReadAction","target":["https:\/\/mascancadell.cat\/politica-de-cookies\/"]}]},{"@type":"BreadcrumbList","@id":"https:\/\/mascancadell.cat\/politica-de-cookies\/#breadcrumb","itemListElement":[{"@type":"ListItem","position":1,"name":"Portada","item":"https:\/\/mascancadell.cat\/"},{"@type":"ListItem","position":2,"name":"Pol\u00edtica de cookies"}]},{"@type":"WebSite","@id":"https:\/\/mascancadell.cat\/#website","url":"https:\/\/mascancadell.cat\/","name":"Mas Cancadell","description":"","potentialAction":[{"@type":"SearchAction","target":{"@type":"EntryPoint","urlTemplate":"https:\/\/mascancadell.cat\/?s={search_term_string}"},"query-input":{"@type":"PropertyValueSpecification","valueRequired":true,"valueName":"search_term_string"}}],"inLanguage":"en-GB"}]}},"_links":{"self":[{"href":"https:\/\/mascancadell.cat\/ang\/wp-json\/wp\/v2\/pages\/1517","targetHints":{"allow":["GET"]}}],"collection":[{"href":"https:\/\/mascancadell.cat\/ang\/wp-json\/wp\/v2\/pages"}],"about":[{"href":"https:\/\/mascancadell.cat\/ang\/wp-json\/wp\/v2\/types\/page"}],"author":[{"embeddable":true,"href":"https:\/\/mascancadell.cat\/ang\/wp-json\/wp\/v2\/users\/1"}],"replies":[{"embeddable":true,"href":"https:\/\/mascancadell.cat\/ang\/wp-json\/wp\/v2\/comments?post=1517"}],"version-history":[{"count":13,"href":"https:\/\/mascancadell.cat\/ang\/wp-json\/wp\/v2\/pages\/1517\/revisions"}],"predecessor-version":[{"id":1658,"href":"https:\/\/mascancadell.cat\/ang\/wp-json\/wp\/v2\/pages\/1517\/revisions\/1658"}],"wp:attachment":[{"href":"https:\/\/mascancadell.cat\/ang\/wp-json\/wp\/v2\/media?parent=1517"}],"curies":[{"name":"wp","href":"https:\/\/api.w.org\/{rel}","templated":true}]}}